{"id":764,"date":"2023-12-11T15:33:16","date_gmt":"2023-12-11T14:33:16","guid":{"rendered":"https:\/\/thermion.cilla.enson.se\/?page_id=764"},"modified":"2024-01-04T09:59:06","modified_gmt":"2024-01-04T08:59:06","slug":"integritet-och-cookiepolicy","status":"publish","type":"page","link":"https:\/\/thermion.se\/fi\/integritet-och-cookiepolicy\/","title":{"rendered":"Tietosuoja- ja ev\u00e4stek\u00e4yt\u00e4nt\u00f6"},"content":{"rendered":"<div data-elementor-type=\"wp-page\" data-elementor-id=\"764\" class=\"elementor elementor-764\" data-elementor-post-type=\"page\">\n\t\t\t\t<div class=\"elementor-element elementor-element-10cb16b1 e-flex e-con-boxed e-con e-parent\" data-id=\"10cb16b1\" data-element_type=\"container\" data-e-type=\"container\">\n\t\t\t\t\t<div class=\"e-con-inner\">\n\t\t\t\t<div class=\"elementor-element elementor-element-6907bdb7 elementor-widget elementor-widget-text-editor\" data-id=\"6907bdb7\" data-element_type=\"widget\" data-e-type=\"widget\" data-widget_type=\"text-editor.default\">\n\t\t\t\t<div class=\"elementor-widget-container\">\n\t\t\t\t\t\t\t\t\t<p><strong><\/strong><\/p>\n<p><em>Viimeksi p\u00e4ivitetty tammikuu 2024<\/em><\/p>\n<p>T\u00e4m\u00e4 tietosuojak\u00e4yt\u00e4nt\u00f6 kuvaa Thermion AB:n, joka sijaitsee osoitteessa Hantverkaregatan 14, Stenungsund 444 32, Ruotsi, s\u00e4hk\u00f6postiosoite: <a target=\"_new\">info@thermion.se<\/a>, puhelin: 0303 72 80 60, koskien verkkosivujemme k\u00e4yt\u00f6n yhteydess\u00e4 ker\u00e4\u00e4miemme tietojen ker\u00e4\u00e4mist\u00e4, k\u00e4ytt\u00f6\u00e4 ja luovuttamista (<a href=\"https:\/\/thermion.se\/fi\/\" target=\"_new\">https:\/\/thermion.se<\/a>) (j\u00e4ljemp\u00e4n\u00e4 'palvelu'). K\u00e4ytt\u00e4m\u00e4ll\u00e4 palvelua tai k\u00e4ytt\u00e4m\u00e4ll\u00e4 sit\u00e4 annat suostumuksesi tietojesi ker\u00e4\u00e4miseen, k\u00e4ytt\u00e4miseen ja luovuttamiseen t\u00e4m\u00e4n tietosuojak\u00e4yt\u00e4nn\u00f6n mukaisesti. Jos et hyv\u00e4ksy t\u00e4t\u00e4, \u00e4l\u00e4 k\u00e4yt\u00e4 Palvelua.<\/p>\n<p>Voimme muuttaa t\u00e4t\u00e4 tietosuojak\u00e4yt\u00e4nt\u00f6\u00e4 milloin tahansa ilman ennakkoilmoitusta sinulle ja julkaisemme tarkistetun tietosuojak\u00e4yt\u00e4nn\u00f6n Palvelussa. Tarkistettu k\u00e4yt\u00e4nt\u00f6 tulee voimaan 180 p\u00e4iv\u00e4n kuluttua siit\u00e4 p\u00e4iv\u00e4st\u00e4, jona tarkistettu k\u00e4yt\u00e4nt\u00f6 on julkaistu Palvelussa, ja jos jatkat Palvelun k\u00e4ytt\u00f6\u00e4 tai k\u00e4ytt\u00e4mist\u00e4 t\u00e4m\u00e4n j\u00e4lkeen, hyv\u00e4ksyt tarkistetun Tietosuojak\u00e4yt\u00e4nn\u00f6n. Siksi suosittelemme, ett\u00e4 tarkistat t\u00e4m\u00e4n sivun s\u00e4\u00e4nn\u00f6llisesti.<\/p>\n<h2 class=\"wp-block-heading\">Ker\u00e4\u00e4m\u00e4mme tiedot<\/h2>\n<p>Ker\u00e4\u00e4mme ja k\u00e4sittelemme seuraavia henkil\u00f6tietoja sinusta:<\/p>\n<ul>\n<li>Nimi<\/li>\n<li>S\u00e4hk\u00f6posti<\/li>\n<li>matkapuhelinnumero<\/li>\n<\/ul>\n<p>\u00a0<\/p>\n<h2>Miten k\u00e4yt\u00e4mme tietojasi<\/h2>\n<p>K\u00e4yt\u00e4mme sinusta ker\u00e4\u00e4mi\u00e4mme tietoja seuraaviin tarkoituksiin:<\/p>\n<ul>\n<li>Markkinointi\/edist\u00e4minen<\/li>\n<li>Asiakaspalautteen ker\u00e4\u00e4minen<\/li>\n<li>Tuki<\/li>\n<li>Hallinnolliset tiedot<\/li>\n<li>Kohdennettu mainonta<\/li>\n<\/ul>\n<p>Jos haluamme k\u00e4ytt\u00e4\u00e4 tietojasi muuhun tarkoitukseen, pyyd\u00e4mme suostumustasi ja k\u00e4yt\u00e4mme tietojasi vain saatuamme suostumuksesi ja vain niihin tarkoituksiin, joihin olet antanut suostumuksesi, ellei laki vaadi meit\u00e4 toimimaan toisin.<\/p>\n<p>\u00a0<\/p>\n<h2>Miten jaamme tietojasi<\/h2>\n<p>Emme siirr\u00e4 henkil\u00f6tietojasi kolmansille osapuolille ilman suostumustasi, paitsi j\u00e4ljemp\u00e4n\u00e4 kuvatuissa rajoitetuissa olosuhteissa:<\/p>\n<ul>\n<li>Mainospalvelu<\/li>\n<li>Sponsorit<\/li>\n<li>Markkinointitoimistot<\/li>\n<li>Oikeushenkil\u00f6t<\/li>\n<li>Analyysi<\/li>\n<li>Maksupalvelujen takaisinperint\u00e4<\/li>\n<li>Tietojen keruu ja k\u00e4sittely<\/li>\n<\/ul>\n<p>\u00a0<\/p>\n<p>Edellyt\u00e4mme, ett\u00e4 t\u00e4llaiset kolmannet osapuolet k\u00e4ytt\u00e4v\u00e4t niille siirt\u00e4mi\u00e4mme henkil\u00f6tietoja vain siihen tarkoitukseen, jota varten ne on siirretty, eiv\u00e4tk\u00e4 s\u00e4ilyt\u00e4 niit\u00e4 kauemmin kuin on tarpeen ilmoitetun tarkoituksen t\u00e4ytt\u00e4miseksi. Voimme my\u00f6s luovuttaa henkil\u00f6tietojasi seuraavissa tapauksissa: (1) noudattaaksemme sovellettavaa lakia, asetusta, tuomioistuimen m\u00e4\u00e4r\u00e4yst\u00e4 tai muuta oikeudellista menettely\u00e4; (2) pannaksemme t\u00e4yt\u00e4nt\u00f6\u00f6n kanssamme tehdyt sopimukset, mukaan lukien t\u00e4m\u00e4 tietosuojak\u00e4yt\u00e4nt\u00f6; tai (3) vastataksemme v\u00e4itteisiin, joiden mukaan Palvelun k\u00e4ytt\u00f6si loukkaa kolmansien osapuolten oikeuksia. Jos toinen yritys sulautuu tai ostaa Palvelun tai yrityksemme, tietosi ovat yksi uudelle omistajalle siirtyvist\u00e4 varoista.<\/p>\n<p>\u00a0<\/p>\n<h2>Tietojesi tallentaminen<\/h2>\n<p>S\u00e4ilyt\u00e4mme henkil\u00f6tietojasi 90 p\u00e4iv\u00e4n ja 2 vuoden ajan sen j\u00e4lkeen, kun k\u00e4ytt\u00e4j\u00e4t ovat sulkeneet tilins\u00e4, tai niin kauan kuin tarvitsemme niit\u00e4 niiden tarkoitusten toteuttamiseen, joita varten ne on ker\u00e4tty t\u00e4m\u00e4n tietosuojak\u00e4yt\u00e4nn\u00f6n mukaisesti. Saatamme joutua s\u00e4ilytt\u00e4m\u00e4\u00e4n tiettyj\u00e4 tietoja pidemp\u00e4\u00e4n, kuten kirjanpitoa\/raportointia varten sovellettavan lains\u00e4\u00e4d\u00e4nn\u00f6n mukaisesti tai muista laillisista syist\u00e4, kuten laillisten oikeuksien noudattamisen valvomiseksi, petosten est\u00e4miseksi jne. J\u00e4ljelle j\u00e4\u00e4vi\u00e4 anonyymej\u00e4 ja koottuja tietoja, joista sinua ei voida tunnistaa (suoraan tai ep\u00e4suorasti), saatetaan s\u00e4ilytt\u00e4\u00e4 m\u00e4\u00e4r\u00e4\u00e4m\u00e4tt\u00f6m\u00e4n ajan.<\/p>\n<p>\u00a0<\/p>\n<h2>Sinun oikeutesi<\/h2>\n<p>Sovellettavasta lains\u00e4\u00e4d\u00e4nn\u00f6st\u00e4 riippuen sinulla voi olla oikeus saada p\u00e4\u00e4sy henkil\u00f6tietoihisi ja oikaista tai poistaa ne, saada kopio henkil\u00f6tiedoistasi, rajoittaa tietojesi aktiivista k\u00e4sittely\u00e4 tai vastustaa sit\u00e4, pyyt\u00e4\u00e4 meit\u00e4 jakamaan (siirt\u00e4m\u00e4\u00e4n) henkil\u00f6tietojasi toiselle taholle, peruuttaa antamasi suostumus tietojesi k\u00e4sittelyyn, oikeus tehd\u00e4 valitus valvontaviranomaiselle sek\u00e4 muut sovellettavien lakien mukaiset oikeudet. N\u00e4iden oikeuksien k\u00e4ytt\u00e4miseksi voit kirjoittaa meille osoitteeseen <a target=\"_new\">info@thermion.se<\/a>. Vastaamme pyynt\u00f6\u00f6si sovellettavan lains\u00e4\u00e4d\u00e4nn\u00f6n mukaisesti. Voit kielt\u00e4yty\u00e4 vastaanottamasta suoramarkkinointiviestint\u00e4\u00e4 tai markkinointitarkoituksiin tekem\u00e4\u00e4mme profilointia kirjoittamalla meille osoitteeseen <a target=\"_new\">info@thermion.se<\/a>. Huomaa, ett\u00e4 jos et anna meille lupaa ker\u00e4t\u00e4 tai k\u00e4sitell\u00e4 tarvittavia henkil\u00f6tietoja tai peruutat suostumuksesi niiden k\u00e4sittelyyn tarvittavia tarkoituksia varten, et ehk\u00e4 p\u00e4\u00e4se k\u00e4ytt\u00e4m\u00e4\u00e4n niit\u00e4 palveluja, joita varten tietojasi on pyydetty.<\/p>\n<h2>Ev\u00e4steet\u00a0<\/h2>\n<p>Jos haluat lis\u00e4tietoja siit\u00e4, miten k\u00e4yt\u00e4mme n\u00e4it\u00e4 tekniikoita ja mit\u00e4 valintojasi voit tehd\u00e4 n\u00e4iden seurantatekniikoiden suhteen, tutustu ev\u00e4stek\u00e4yt\u00e4nt\u00f6\u00f6mme.<\/p>\n<h2>Turvallisuus<\/h2>\n<p>Tietojesi turvallisuus on meille t\u00e4rke\u00e4\u00e4, ja k\u00e4yt\u00e4mme kohtuullisia turvatoimia est\u00e4\u00e4kseen hallussamme olevien tietojesi katoamisen, v\u00e4\u00e4rink\u00e4yt\u00f6n tai luvattoman muuttamisen. Ottaen huomioon niihin liittyv\u00e4t riskit emme kuitenkaan voi taata ehdotonta turvallisuutta, joten emme voi taata tai taata meille toimittamiesi tietojen turvallisuutta, ja teet sen omalla vastuullasi.<\/p>\n<h2>Valitukset\/tietosuojavastaava<\/h2>\n<p>Jos sinulla on kysytt\u00e4v\u00e4\u00e4 tai huolenaiheita hallussamme olevien tietojesi k\u00e4sittelyst\u00e4, voit l\u00e4hett\u00e4\u00e4 s\u00e4hk\u00f6postia tietosuojavastaavalle osoitteeseen Thermion AB, Hantverkaregatan 14, s\u00e4hk\u00f6posti: <a target=\"_new\">info@thermion.se<\/a>. K\u00e4sittelemme pyynt\u00f6j\u00e4si sovellettavan lains\u00e4\u00e4d\u00e4nn\u00f6n mukaisesti.<\/p>\n\t\t\t\t\t\t\t\t<\/div>\n\t\t\t\t<\/div>\n\t\t\t\t\t<\/div>\n\t\t\t\t<\/div>\n\t\t\t\t<\/div>","protected":false},"excerpt":{"rendered":"<p>Senast uppdaterad jan 2024 Denna integritetspolicy beskriver Thermion AB:s policy, bel\u00e4get p\u00e5 Hantverkaregatan 14, Stenungsund 444 32, Sverige, e-post: info@thermion.se, telefon: 0303 72 80 60, ang\u00e5ende insamling, anv\u00e4ndning och offentligg\u00f6rande av din information som vi samlar in n\u00e4r du anv\u00e4nder v\u00e5r webbplats (https:\/\/thermion.se) (tj\u00e4nsten). Genom att f\u00e5 tillg\u00e5ng till eller anv\u00e4nda tj\u00e4nsten samtycker du till [&hellip;]<\/p>\n","protected":false},"author":1,"featured_media":0,"parent":0,"menu_order":0,"comment_status":"closed","ping_status":"closed","template":"","meta":{"_acf_changed":false,"content-type":"","slim_seo":{"title":"Tietosuoja- ja ev\u00e4stek\u00e4yt\u00e4nt\u00f6 - Thermion","description":"Viimeksi p\u00e4ivitetty tammikuu 2024 T\u00e4m\u00e4 tietosuojak\u00e4yt\u00e4nt\u00f6 kuvaa Thermion AB:n k\u00e4yt\u00e4nt\u00f6\u00e4, joka sijaitsee osoitteessa Hantverkaregatan 14, Stenungsund 444 32, Ruotsi, s\u00e4hk\u00f6posti: info@the"},"footnotes":""},"class_list":["post-764","page","type-page","status-publish","hentry"],"acf":[],"_links":{"self":[{"href":"https:\/\/thermion.se\/fi\/wp-json\/wp\/v2\/pages\/764","targetHints":{"allow":["GET"]}}],"collection":[{"href":"https:\/\/thermion.se\/fi\/wp-json\/wp\/v2\/pages"}],"about":[{"href":"https:\/\/thermion.se\/fi\/wp-json\/wp\/v2\/types\/page"}],"author":[{"embeddable":true,"href":"https:\/\/thermion.se\/fi\/wp-json\/wp\/v2\/users\/1"}],"replies":[{"embeddable":true,"href":"https:\/\/thermion.se\/fi\/wp-json\/wp\/v2\/comments?post=764"}],"version-history":[{"count":0,"href":"https:\/\/thermion.se\/fi\/wp-json\/wp\/v2\/pages\/764\/revisions"}],"wp:attachment":[{"href":"https:\/\/thermion.se\/fi\/wp-json\/wp\/v2\/media?parent=764"}],"curies":[{"name":"wp","href":"https:\/\/api.w.org\/{rel}","templated":true}]}}