{"id":739,"date":"2023-12-11T15:07:48","date_gmt":"2023-12-11T14:07:48","guid":{"rendered":"https:\/\/thermion.cilla.enson.se\/?page_id=739"},"modified":"2024-01-13T15:09:52","modified_gmt":"2024-01-13T14:09:52","slug":"historia","status":"publish","type":"page","link":"https:\/\/thermion.se\/fi\/om-thermion\/historia\/","title":{"rendered":"Historia"},"content":{"rendered":"<div data-elementor-type=\"wp-page\" data-elementor-id=\"739\" class=\"elementor elementor-739\" data-elementor-post-type=\"page\">\n\t\t\t\t<div class=\"elementor-element elementor-element-7685a002 e-flex e-con-boxed e-con e-parent\" data-id=\"7685a002\" data-element_type=\"container\" data-e-type=\"container\">\n\t\t\t\t\t<div class=\"e-con-inner\">\n\t\t\t\t<div class=\"elementor-element elementor-element-5b3bae9c elementor-widget elementor-widget-text-editor\" data-id=\"5b3bae9c\" data-element_type=\"widget\" data-e-type=\"widget\" data-widget_type=\"text-editor.default\">\n\t\t\t\t<div class=\"elementor-widget-container\">\n\t\t\t\t\t\t\t\t\t\n<h2 class=\"wp-block-heading\">Thermion: uskomaton kasvuseikkailu yli 40 vuoden ajan<\/h2>\n\n<p>Thermion on saanut alkunsa Norisol A\/S:st\u00e4, jonka perusti Bent Mortensen Boeslundessa 1. toukokuuta 1977. Tuolloin suunnitelmana oli, ett\u00e4 yritys olisi pieni paikallinen eristysyritys, jolla olisi 20-25 ty\u00f6ntekij\u00e4\u00e4 ja joka ty\u00f6skentelisi paikallisten voimalaitosten ja jalostamoiden kanssa Sk\u00e6lsk\u00f8riss\u00e4 ja Kalundborgissa.<\/p>\n\n<p>Yritys koki kuitenkin nopeasti kasvukipuja, ja ennen pitk\u00e4\u00e4 meill\u00e4 oli noin 100 ty\u00f6ntekij\u00e4\u00e4, ja markkinat kattoivat koko Tanskan. Tilat k\u00e4viv\u00e4t liian pieniksi, ja p\u00e4\u00e4timme muuttaa uusiin, suurempiin tiloihin Industrivej 33:een Sk\u00e6lsk\u00f8riss\u00e4.<\/p>\n\n<p>Liiketoiminta kasvoi nopeasti 1980- ja 1990-luvuilla, ja Tanskassa, Ruotsissa ja Norjassa tehtiin useita yritysostoja. T\u00e4m\u00e4n seurauksena Norisolista tuli merkitt\u00e4v\u00e4 toimija Skandinavian markkinoilla, ja sen palveluksessa oli 1200 ty\u00f6ntekij\u00e4\u00e4 ja liikevaihto oli yli miljardi Tanskan kruunua.<\/p>\n\n<p>Vuonna 2017 norjalainen yritys myytiin, ja uudet sijoittajat ostivat Norisolin vuonna 2018. Sitten Per Christensenist\u00e4 tuli perheyhti\u00f6n MS2 investin kautta p\u00e4\u00e4omistajamme. Silloin meit\u00e4 oli Tanskassa ja Ruotsissa noin 700 ty\u00f6ntekij\u00e4\u00e4, jotka ty\u00f6skenteliv\u00e4t energian, teollisuuden, merenkulun ja rakentamisen markkina-alueilla.<\/p>\n\n<p>Vuonna 2020 Mimir Invest osti ruotsalaisen osan, NS Norisol Sverige AB:n. NS Norisol Sverige AB muutti n\u00e4in ollen nimens\u00e4 Thermioniksi, ja se erotettiin Norisolista itsen\u00e4iseksi yritykseksi vuonna 2021. Thermionin 175 ty\u00f6ntekij\u00e4\u00e4 on hajautettu 15 toimipisteeseen Malm\u00f6st\u00e4 etel\u00e4\u00e4n ja Kiirunasta pohjoiseen. Yhdess\u00e4 uusien omistajiemme kanssa ty\u00f6mme LVI-, energiatehokkuus- ja teollisuussektorilla jatkuu, ja jatkamme pyrkimyksi\u00e4mme kehitt\u00e4\u00e4 ja tarkentaa tarjontaamme asiakkaidemme tarpeiden ja kiinnostuksen kohteiden mukaisesti.<\/p>\n\t\t\t\t\t\t\t\t<\/div>\n\t\t\t\t<\/div>\n\t\t\t\t\t<\/div>\n\t\t\t\t<\/div>\n\t\t\t\t<\/div>","protected":false},"excerpt":{"rendered":"<p>Thermion: ett fantastiskt tillv\u00e4xt-\u00e4ventyr under 40 \u00e5r Thermion har sitt ursprung i Norisol A\/S som startade i Boeslunde 1. maj 1977 av Bent Mortensen. Planen d\u00e5 var att f\u00f6retaget skulle vara en liten lokal isoleringsverksamhet med 20-25 anst\u00e4llda, och att dessa skulle arbeta mot de lokala kraftverken och raffinaderierna i Sk\u00e6lsk\u00f8r och Kalundborg. Verksamheten fick [&hellip;]<\/p>\n","protected":false},"author":1,"featured_media":0,"parent":255,"menu_order":0,"comment_status":"closed","ping_status":"closed","template":"","meta":{"_acf_changed":false,"content-type":"","slim_seo":{"title":"Historia - Thermion","description":"Thermion: ett fantastiskt tillv\u00e4xt-\u00e4ventyr under 40 \u00e5r Thermion har sitt ursprung i Norisol A\/S som startade i Boeslunde 1. maj 1977 av Bent Mortensen. Planen d"},"footnotes":""},"class_list":["post-739","page","type-page","status-publish","hentry"],"acf":[],"_links":{"self":[{"href":"https:\/\/thermion.se\/fi\/wp-json\/wp\/v2\/pages\/739","targetHints":{"allow":["GET"]}}],"collection":[{"href":"https:\/\/thermion.se\/fi\/wp-json\/wp\/v2\/pages"}],"about":[{"href":"https:\/\/thermion.se\/fi\/wp-json\/wp\/v2\/types\/page"}],"author":[{"embeddable":true,"href":"https:\/\/thermion.se\/fi\/wp-json\/wp\/v2\/users\/1"}],"replies":[{"embeddable":true,"href":"https:\/\/thermion.se\/fi\/wp-json\/wp\/v2\/comments?post=739"}],"version-history":[{"count":0,"href":"https:\/\/thermion.se\/fi\/wp-json\/wp\/v2\/pages\/739\/revisions"}],"up":[{"embeddable":true,"href":"https:\/\/thermion.se\/fi\/wp-json\/wp\/v2\/pages\/255"}],"wp:attachment":[{"href":"https:\/\/thermion.se\/fi\/wp-json\/wp\/v2\/media?parent=739"}],"curies":[{"name":"wp","href":"https:\/\/api.w.org\/{rel}","templated":true}]}}