{"id":608,"date":"2023-12-11T11:00:50","date_gmt":"2023-12-11T10:00:50","guid":{"rendered":"https:\/\/thermion.cilla.enson.se\/?page_id=608"},"modified":"2024-01-19T09:05:30","modified_gmt":"2024-01-19T08:05:30","slug":"tjanster","status":"publish","type":"page","link":"https:\/\/thermion.se\/fi\/tjanster\/","title":{"rendered":"Palvelut"},"content":{"rendered":"<div data-elementor-type=\"wp-page\" data-elementor-id=\"608\" class=\"elementor elementor-608\" data-elementor-post-type=\"page\">\n\t\t\t\t<div class=\"elementor-element elementor-element-6cea985 e-flex e-con-boxed e-con e-parent\" data-id=\"6cea985\" data-element_type=\"container\" data-e-type=\"container\">\n\t\t\t\t\t<div class=\"e-con-inner\">\n\t\t<div class=\"elementor-element elementor-element-c2209c9 e-flex e-con-boxed e-con e-child\" data-id=\"c2209c9\" data-element_type=\"container\" data-e-type=\"container\">\n\t\t\t\t\t<div class=\"e-con-inner\">\n\t\t\t\t<div class=\"elementor-element elementor-element-8baac29 elementor-widget elementor-widget-text-editor\" data-id=\"8baac29\" data-element_type=\"widget\" data-e-type=\"widget\" data-widget_type=\"text-editor.default\">\n\t\t\t\t<div class=\"elementor-widget-container\">\n\t\t\t\t\t\t\t\t\t<h2>Thermionin palveluvalikoima<\/h2><p>Thermion tarjoaa palveluja monilla eri aloilla, jotka on suunnattu p\u00e4\u00e4asiassa rakennus- ja teollisuusalalle.<\/p><p>Mik\u00e4\u00e4n ty\u00f6 ei ole meille liian suuri tai liian pieni. <a href=\"https:\/\/thermion.se\/fi\/kontakta-oss\/\">Ota yhteytt\u00e4<\/a> ota yhteytt\u00e4, niin l\u00f6yd\u00e4mme sinulle sopivan ratkaisun!<\/p><p>Toimimme aktiivisesti\u00a0<strong>tekninen eristys <\/strong>ja<strong> energiatehokkuus<\/strong>, suoritamme my\u00f6s\u00a0<strong>putkien ja venttiilien merkinn\u00e4t<\/strong>\u00a0ja\u00a0<strong>\u00e4\u00e4ni- ja palotiivisteet.<\/strong><\/p>\t\t\t\t\t\t\t\t<\/div>\n\t\t\t\t<\/div>\n\t\t\t\t<div class=\"elementor-element elementor-element-3c2883b bild-container elementor-widget elementor-widget-image\" data-id=\"3c2883b\" data-element_type=\"widget\" data-e-type=\"widget\" data-widget_type=\"image.default\">\n\t\t\t\t<div class=\"elementor-widget-container\">\n\t\t\t\t\t\t\t\t\t\t\t\t\t\t\t<img fetchpriority=\"high\" decoding=\"async\" width=\"768\" height=\"512\" src=\"https:\/\/thermion.se\/wp-content\/uploads\/2023\/12\/erfarne-investorer-overtager-norisol-800x533-11.webp\" class=\"attachment-medium_large size-medium_large wp-image-1807\" alt=\"Tj\u00e4nster\" \/>\t\t\t\t\t\t\t\t\t\t\t\t\t\t\t<\/div>\n\t\t\t\t<\/div>\n\t\t\t\t<div class=\"elementor-element elementor-element-cabcdf0 elementor-widget elementor-widget-heading\" data-id=\"cabcdf0\" data-element_type=\"widget\" data-e-type=\"widget\" data-widget_type=\"heading.default\">\n\t\t\t\t<div class=\"elementor-widget-container\">\n\t\t\t\t\t<h2 class=\"elementor-heading-title elementor-size-default\">Lue lis\u00e4\u00e4<\/h2>\t\t\t\t<\/div>\n\t\t\t\t<\/div>\n\t\t\t\t<div class=\"elementor-element elementor-element-beb78d8 elementor-nav-menu--dropdown-none elementor-widget__width-initial elementor-widget elementor-widget-nav-menu\" data-id=\"beb78d8\" data-element_type=\"widget\" data-e-type=\"widget\" data-settings=\"{&quot;layout&quot;:&quot;horizontal&quot;,&quot;submenu_icon&quot;:{&quot;value&quot;:&quot;&lt;svg aria-hidden=\\&quot;true\\&quot; class=\\&quot;e-font-icon-svg e-fas-caret-down\\&quot; viewBox=\\&quot;0 0 320 512\\&quot; xmlns=\\&quot;http:\\\/\\\/www.w3.org\\\/2000\\\/svg\\&quot;&gt;&lt;path d=\\&quot;M31.3 192h257.3c17.8 0 26.7 21.5 14.1 34.1L174.1 354.8c-7.8 7.8-20.5 7.8-28.3 0L17.2 226.1C4.6 213.5 13.5 192 31.3 192z\\&quot;&gt;&lt;\\\/path&gt;&lt;\\\/svg&gt;&quot;,&quot;library&quot;:&quot;fa-solid&quot;}}\" data-widget_type=\"nav-menu.default\">\n\t\t\t\t<div class=\"elementor-widget-container\">\n\t\t\t\t\t\t\t\t<nav aria-label=\"Valikko\" class=\"elementor-nav-menu--main elementor-nav-menu__container elementor-nav-menu--layout-horizontal e--pointer-text e--animation-grow\">\n\t\t\t\t<ul id=\"menu-1-beb78d8\" class=\"elementor-nav-menu\"><li class=\"menu-item menu-item-type-post_type menu-item-object-tjanst menu-item-2459\"><a href=\"https:\/\/thermion.se\/fi\/tjanster\/energieffektivisering\/\" class=\"elementor-item\">Energiatehokkuus<\/a><\/li>\n<li class=\"menu-item menu-item-type-post_type menu-item-object-tjanst menu-item-2123\"><a href=\"https:\/\/thermion.se\/fi\/tjanster\/teknisk-isolering\/\" class=\"elementor-item\">Tekninen eristys<\/a><\/li>\n<li class=\"menu-item menu-item-type-post_type menu-item-object-tjanst menu-item-2125\"><a href=\"https:\/\/thermion.se\/fi\/tjanster\/platverkstad\/\" class=\"elementor-item\">Peltipaja<\/a><\/li>\n<li class=\"menu-item menu-item-type-post_type menu-item-object-tjanst menu-item-2124\"><a href=\"https:\/\/thermion.se\/fi\/tjanster\/brand-ljudtatning\/\" class=\"elementor-item\">Palo- ja \u00e4\u00e4nieristys<\/a><\/li>\n<li class=\"menu-item menu-item-type-post_type menu-item-object-tjanst menu-item-2126\"><a href=\"https:\/\/thermion.se\/fi\/tjanster\/markning\/\" class=\"elementor-item\">Merkint\u00e4<\/a><\/li>\n<\/ul>\t\t\t<\/nav>\n\t\t\t\t\t\t<nav class=\"elementor-nav-menu--dropdown elementor-nav-menu__container\" aria-hidden=\"true\">\n\t\t\t\t<ul id=\"menu-2-beb78d8\" class=\"elementor-nav-menu\"><li class=\"menu-item menu-item-type-post_type menu-item-object-tjanst menu-item-2459\"><a href=\"https:\/\/thermion.se\/fi\/tjanster\/energieffektivisering\/\" class=\"elementor-item\" tabindex=\"-1\">Energiatehokkuus<\/a><\/li>\n<li class=\"menu-item menu-item-type-post_type menu-item-object-tjanst menu-item-2123\"><a href=\"https:\/\/thermion.se\/fi\/tjanster\/teknisk-isolering\/\" class=\"elementor-item\" tabindex=\"-1\">Tekninen eristys<\/a><\/li>\n<li class=\"menu-item menu-item-type-post_type menu-item-object-tjanst menu-item-2125\"><a href=\"https:\/\/thermion.se\/fi\/tjanster\/platverkstad\/\" class=\"elementor-item\" tabindex=\"-1\">Peltipaja<\/a><\/li>\n<li class=\"menu-item menu-item-type-post_type menu-item-object-tjanst menu-item-2124\"><a href=\"https:\/\/thermion.se\/fi\/tjanster\/brand-ljudtatning\/\" class=\"elementor-item\" tabindex=\"-1\">Palo- ja \u00e4\u00e4nieristys<\/a><\/li>\n<li class=\"menu-item menu-item-type-post_type menu-item-object-tjanst menu-item-2126\"><a href=\"https:\/\/thermion.se\/fi\/tjanster\/markning\/\" class=\"elementor-item\" tabindex=\"-1\">Merkint\u00e4<\/a><\/li>\n<\/ul>\t\t\t<\/nav>\n\t\t\t\t\t\t<\/div>\n\t\t\t\t<\/div>\n\t\t\t\t\t<\/div>\n\t\t\t\t<\/div>\n\t\t\t\t\t<\/div>\n\t\t\t\t<\/div>\n\t\t\t\t<\/div>","protected":false},"excerpt":{"rendered":"<p>Thermionin palveluvalikoima Thermion tarjoaa palveluja monilla eri aloilla, jotka on suunnattu p\u00e4\u00e4asiassa rakennus- ja teollisuussektoreille. Mik\u00e4\u00e4n toimeksianto ei ole meille liian suuri tai liian pieni. Ota yhteytt\u00e4, niin l\u00f6yd\u00e4mme sinulle sopivan ratkaisun! Toimimme teknisen eristyksen ja energiatehokkuuden alalla, teemme my\u00f6s putkien ja venttiilien merkint\u00f6j\u00e4 sek\u00e4 \u00e4\u00e4ni- ja palotiivistyksi\u00e4. Lue lis\u00e4\u00e4<\/p>","protected":false},"author":1,"featured_media":0,"parent":0,"menu_order":0,"comment_status":"closed","ping_status":"closed","template":"","meta":{"_acf_changed":false,"content-type":"","slim_seo":{"title":"Palvelut - Thermion","description":"Thermionin palveluvalikoima Thermion tarjoaa palveluja monilla eri aloilla, jotka on suunnattu p\u00e4\u00e4asiassa rakennus- ja teollisuussektoreille. Mik\u00e4\u00e4n toimeksianto ei ole liian suuri tai liian"},"footnotes":""},"class_list":["post-608","page","type-page","status-publish","hentry"],"acf":[],"_links":{"self":[{"href":"https:\/\/thermion.se\/fi\/wp-json\/wp\/v2\/pages\/608","targetHints":{"allow":["GET"]}}],"collection":[{"href":"https:\/\/thermion.se\/fi\/wp-json\/wp\/v2\/pages"}],"about":[{"href":"https:\/\/thermion.se\/fi\/wp-json\/wp\/v2\/types\/page"}],"author":[{"embeddable":true,"href":"https:\/\/thermion.se\/fi\/wp-json\/wp\/v2\/users\/1"}],"replies":[{"embeddable":true,"href":"https:\/\/thermion.se\/fi\/wp-json\/wp\/v2\/comments?post=608"}],"version-history":[{"count":0,"href":"https:\/\/thermion.se\/fi\/wp-json\/wp\/v2\/pages\/608\/revisions"}],"wp:attachment":[{"href":"https:\/\/thermion.se\/fi\/wp-json\/wp\/v2\/media?parent=608"}],"curies":[{"name":"wp","href":"https:\/\/api.w.org\/{rel}","templated":true}]}}