{"id":5698,"date":"2024-11-05T14:32:17","date_gmt":"2024-11-05T13:32:17","guid":{"rendered":"https:\/\/thermion.se\/?page_id=5698"},"modified":"2024-11-07T11:24:01","modified_gmt":"2024-11-07T10:24:01","slug":"intranatet","status":"publish","type":"page","link":"https:\/\/thermion.se\/fi\/intranatet\/","title":{"rendered":"Intranet"},"content":{"rendered":"\t\t<div data-elementor-type=\"wp-page\" data-elementor-id=\"5698\" class=\"elementor elementor-5698\" data-elementor-post-type=\"page\">\n\t\t\t\t<div class=\"elementor-element elementor-element-c246c28 e-flex e-con-boxed e-con e-parent\" data-id=\"c246c28\" data-element_type=\"container\" data-e-type=\"container\">\n\t\t\t\t\t<div class=\"e-con-inner\">\n\t\t<div class=\"elementor-element elementor-element-28abd9a e-con-full e-flex e-con e-child\" data-id=\"28abd9a\" data-element_type=\"container\" data-e-type=\"container\">\n\t\t\t\t<div class=\"elementor-element elementor-element-d193fee elementor-widget elementor-widget-heading\" data-id=\"d193fee\" data-element_type=\"widget\" data-e-type=\"widget\" data-widget_type=\"heading.default\">\n\t\t\t\t<div class=\"elementor-widget-container\">\n\t\t\t\t\t<h1 class=\"elementor-heading-title elementor-size-default\">Att g\u00f6ra: Quizzes<\/h1>\t\t\t\t<\/div>\n\t\t\t\t<\/div>\n\t\t\t\t<div class=\"elementor-element elementor-element-295647a elementor-widget elementor-widget-jet-listing-grid\" data-id=\"295647a\" data-element_type=\"widget\" data-e-type=\"widget\" data-settings=\"{&quot;columns&quot;:&quot;3&quot;,&quot;columns_tablet&quot;:&quot;2&quot;,&quot;columns_mobile&quot;:&quot;1&quot;}\" data-widget_type=\"jet-listing-grid.default\">\n\t\t\t\t<div class=\"elementor-widget-container\">\n\t\t\t\t\t<div class=\"jet-listing-grid jet-listing\"><div class=\"jet-listing-grid__items grid-col-desk-3 grid-col-tablet-2 grid-col-mobile-1 jet-listing-grid--5812 jet-equal-columns__wrapper\" data-queried-id=\"5698|WP_Post\" data-nav=\"{&quot;enabled&quot;:false,&quot;type&quot;:null,&quot;more_el&quot;:null,&quot;query&quot;:[],&quot;widget_settings&quot;:{&quot;lisitng_id&quot;:5812,&quot;posts_num&quot;:6,&quot;columns&quot;:3,&quot;columns_tablet&quot;:2,&quot;columns_mobile&quot;:1,&quot;column_min_width&quot;:240,&quot;column_min_width_tablet&quot;:240,&quot;column_min_width_mobile&quot;:240,&quot;inline_columns_css&quot;:false,&quot;is_archive_template&quot;:&quot;&quot;,&quot;post_status&quot;:[&quot;publish&quot;],&quot;use_random_posts_num&quot;:&quot;&quot;,&quot;max_posts_num&quot;:9,&quot;not_found_message&quot;:&quot;No data was found&quot;,&quot;is_masonry&quot;:false,&quot;equal_columns_height&quot;:&quot;yes&quot;,&quot;use_load_more&quot;:&quot;&quot;,&quot;load_more_id&quot;:&quot;&quot;,&quot;load_more_type&quot;:&quot;click&quot;,&quot;load_more_offset&quot;:null,&quot;use_custom_post_types&quot;:&quot;&quot;,&quot;custom_post_types&quot;:[],&quot;hide_widget_if&quot;:&quot;&quot;,&quot;carousel_enabled&quot;:&quot;&quot;,&quot;slides_to_scroll&quot;:&quot;1&quot;,&quot;arrows&quot;:&quot;true&quot;,&quot;arrow_icon&quot;:&quot;fa fa-angle-left&quot;,&quot;dots&quot;:&quot;&quot;,&quot;autoplay&quot;:&quot;true&quot;,&quot;pause_on_hover&quot;:&quot;true&quot;,&quot;autoplay_speed&quot;:5000,&quot;infinite&quot;:&quot;true&quot;,&quot;center_mode&quot;:&quot;&quot;,&quot;effect&quot;:&quot;slide&quot;,&quot;speed&quot;:500,&quot;inject_alternative_items&quot;:&quot;&quot;,&quot;injection_items&quot;:[],&quot;scroll_slider_enabled&quot;:&quot;&quot;,&quot;scroll_slider_on&quot;:[&quot;desktop&quot;,&quot;tablet&quot;,&quot;mobile&quot;],&quot;custom_query&quot;:&quot;yes&quot;,&quot;custom_query_id&quot;:&quot;2&quot;,&quot;_element_id&quot;:&quot;&quot;,&quot;collapse_first_last_gap&quot;:false,&quot;list_tag_selection&quot;:&quot;&quot;,&quot;list_items_wrapper_tag&quot;:&quot;div&quot;,&quot;list_item_tag&quot;:&quot;div&quot;,&quot;empty_items_wrapper_tag&quot;:&quot;div&quot;}}\" data-page=\"1\" data-pages=\"1\" data-listing-source=\"query\" data-listing-id=\"5812\" data-query-id=\"2\"><div class=\"jet-listing-grid__item jet-listing-dynamic-post-5634 jet-equal-columns\" data-post-id=\"5634\"  ><div class=\"jet-engine-listing-overlay-wrap\" data-url=\"https:\/\/thermion.se\/fi\/intranatet\/utbildning-resor-och-traktamenten\/\" data-target=\"_blank\">\t\t<div data-elementor-type=\"jet-listing-items\" data-elementor-id=\"5812\" class=\"elementor elementor-5812\" data-elementor-post-type=\"jet-engine\">\n\t\t\t\t<div class=\"elementor-element elementor-element-88ff4c8 e-con-full e-flex e-con e-parent\" data-id=\"88ff4c8\" data-element_type=\"container\" data-e-type=\"container\" data-settings=\"{&quot;background_background&quot;:&quot;classic&quot;}\">\n\t\t\t\t<div class=\"elementor-element elementor-element-449e153 elementor-widget elementor-widget-jet-listing-dynamic-field\" data-id=\"449e153\" data-element_type=\"widget\" data-e-type=\"widget\" data-widget_type=\"jet-listing-dynamic-field.default\">\n\t\t\t\t<div class=\"elementor-widget-container\">\n\t\t\t\t\t<div class=\"jet-listing jet-listing-dynamic-field display-inline\"><div class=\"jet-listing-dynamic-field__inline-wrap\"><h1 class=\"jet-listing-dynamic-field__content\" >Utbildning - Resor och traktamenten<\/h1><\/div><\/div>\t\t\t\t<\/div>\n\t\t\t\t<\/div>\n\t\t\t\t<\/div>\n\t\t\t\t<\/div>\n\t\t<a href=\"https:\/\/thermion.se\/fi\/intranatet\/utbildning-resor-och-traktamenten\/\" class=\"jet-engine-listing-overlay-link\" target=\"_blank\"><\/a><\/div><\/div><div class=\"jet-listing-grid__item jet-listing-dynamic-post-5645 jet-equal-columns\" data-post-id=\"5645\"  ><div class=\"jet-engine-listing-overlay-wrap\" data-url=\"https:\/\/thermion.se\/fi\/intranatet\/utbildning-servicebilar-och-resor\/\" data-target=\"_blank\">\t\t<div data-elementor-type=\"jet-listing-items\" data-elementor-id=\"5812\" class=\"elementor elementor-5812\" data-elementor-post-type=\"jet-engine\">\n\t\t\t\t<div class=\"elementor-element elementor-element-88ff4c8 e-con-full e-flex e-con e-parent\" data-id=\"88ff4c8\" data-element_type=\"container\" data-e-type=\"container\" data-settings=\"{&quot;background_background&quot;:&quot;classic&quot;}\">\n\t\t\t\t<div class=\"elementor-element elementor-element-449e153 elementor-widget elementor-widget-jet-listing-dynamic-field\" data-id=\"449e153\" data-element_type=\"widget\" data-e-type=\"widget\" data-widget_type=\"jet-listing-dynamic-field.default\">\n\t\t\t\t<div class=\"elementor-widget-container\">\n\t\t\t\t\t<div class=\"jet-listing jet-listing-dynamic-field display-inline\"><div class=\"jet-listing-dynamic-field__inline-wrap\"><h1 class=\"jet-listing-dynamic-field__content\" >Utbildning - Servicebilar och resor<\/h1><\/div><\/div>\t\t\t\t<\/div>\n\t\t\t\t<\/div>\n\t\t\t\t<\/div>\n\t\t\t\t<\/div>\n\t\t<a href=\"https:\/\/thermion.se\/fi\/intranatet\/utbildning-servicebilar-och-resor\/\" class=\"jet-engine-listing-overlay-link\" target=\"_blank\"><\/a><\/div><\/div><div class=\"jet-listing-grid__item jet-listing-dynamic-post-5493 jet-equal-columns\" data-post-id=\"5493\"  ><div class=\"jet-engine-listing-overlay-wrap\" data-url=\"https:\/\/thermion.se\/fi\/intranatet\/onboarding\/\" data-target=\"_blank\">\t\t<div data-elementor-type=\"jet-listing-items\" data-elementor-id=\"5812\" class=\"elementor elementor-5812\" data-elementor-post-type=\"jet-engine\">\n\t\t\t\t<div class=\"elementor-element elementor-element-88ff4c8 e-con-full e-flex e-con e-parent\" data-id=\"88ff4c8\" data-element_type=\"container\" data-e-type=\"container\" data-settings=\"{&quot;background_background&quot;:&quot;classic&quot;}\">\n\t\t\t\t<div class=\"elementor-element elementor-element-449e153 elementor-widget elementor-widget-jet-listing-dynamic-field\" data-id=\"449e153\" data-element_type=\"widget\" data-e-type=\"widget\" data-widget_type=\"jet-listing-dynamic-field.default\">\n\t\t\t\t<div class=\"elementor-widget-container\">\n\t\t\t\t\t<div class=\"jet-listing jet-listing-dynamic-field display-inline\"><div class=\"jet-listing-dynamic-field__inline-wrap\"><h1 class=\"jet-listing-dynamic-field__content\" >Onboarding<\/h1><\/div><\/div>\t\t\t\t<\/div>\n\t\t\t\t<\/div>\n\t\t\t\t<\/div>\n\t\t\t\t<\/div>\n\t\t<a href=\"https:\/\/thermion.se\/fi\/intranatet\/onboarding\/\" class=\"jet-engine-listing-overlay-link\" target=\"_blank\"><\/a><\/div><\/div><div class=\"jet-listing-grid__item jet-listing-dynamic-post-5584 jet-equal-columns\" data-post-id=\"5584\"  ><div class=\"jet-engine-listing-overlay-wrap\" data-url=\"https:\/\/thermion.se\/fi\/intranatet\/medarbetarinformation\/\" data-target=\"_blank\">\t\t<div data-elementor-type=\"jet-listing-items\" data-elementor-id=\"5812\" class=\"elementor elementor-5812\" data-elementor-post-type=\"jet-engine\">\n\t\t\t\t<div class=\"elementor-element elementor-element-88ff4c8 e-con-full e-flex e-con e-parent\" data-id=\"88ff4c8\" data-element_type=\"container\" data-e-type=\"container\" data-settings=\"{&quot;background_background&quot;:&quot;classic&quot;}\">\n\t\t\t\t<div class=\"elementor-element elementor-element-449e153 elementor-widget elementor-widget-jet-listing-dynamic-field\" data-id=\"449e153\" data-element_type=\"widget\" data-e-type=\"widget\" data-widget_type=\"jet-listing-dynamic-field.default\">\n\t\t\t\t<div class=\"elementor-widget-container\">\n\t\t\t\t\t<div class=\"jet-listing jet-listing-dynamic-field display-inline\"><div class=\"jet-listing-dynamic-field__inline-wrap\"><h1 class=\"jet-listing-dynamic-field__content\" >Medarbetarinformation<\/h1><\/div><\/div>\t\t\t\t<\/div>\n\t\t\t\t<\/div>\n\t\t\t\t<\/div>\n\t\t\t\t<\/div>\n\t\t<a href=\"https:\/\/thermion.se\/fi\/intranatet\/medarbetarinformation\/\" class=\"jet-engine-listing-overlay-link\" target=\"_blank\"><\/a><\/div><\/div><div class=\"jet-listing-grid__item jet-listing-dynamic-post-5612 jet-equal-columns\" data-post-id=\"5612\"  ><div class=\"jet-engine-listing-overlay-wrap\" data-url=\"https:\/\/thermion.se\/fi\/intranatet\/utbildning-arbetsklader-skyddsskor-skyddsutrustning-och-verktyg\/\" data-target=\"_blank\">\t\t<div data-elementor-type=\"jet-listing-items\" data-elementor-id=\"5812\" class=\"elementor elementor-5812\" data-elementor-post-type=\"jet-engine\">\n\t\t\t\t<div class=\"elementor-element elementor-element-88ff4c8 e-con-full e-flex e-con e-parent\" data-id=\"88ff4c8\" data-element_type=\"container\" data-e-type=\"container\" data-settings=\"{&quot;background_background&quot;:&quot;classic&quot;}\">\n\t\t\t\t<div class=\"elementor-element elementor-element-449e153 elementor-widget elementor-widget-jet-listing-dynamic-field\" data-id=\"449e153\" data-element_type=\"widget\" data-e-type=\"widget\" data-widget_type=\"jet-listing-dynamic-field.default\">\n\t\t\t\t<div class=\"elementor-widget-container\">\n\t\t\t\t\t<div class=\"jet-listing jet-listing-dynamic-field display-inline\"><div class=\"jet-listing-dynamic-field__inline-wrap\"><h1 class=\"jet-listing-dynamic-field__content\" >Utbildning - Arbetskl\u00e4der, skyddsskor, skyddsutrustning och verktyg<\/h1><\/div><\/div>\t\t\t\t<\/div>\n\t\t\t\t<\/div>\n\t\t\t\t<\/div>\n\t\t\t\t<\/div>\n\t\t<a href=\"https:\/\/thermion.se\/fi\/intranatet\/utbildning-arbetsklader-skyddsskor-skyddsutrustning-och-verktyg\/\" class=\"jet-engine-listing-overlay-link\" target=\"_blank\"><\/a><\/div><\/div><div class=\"jet-listing-grid__item jet-listing-dynamic-post-5620 jet-equal-columns\" data-post-id=\"5620\"  ><div class=\"jet-engine-listing-overlay-wrap\" data-url=\"https:\/\/thermion.se\/fi\/intranatet\/utbildning-arbetstider-overtid-och-vilotid\/\" data-target=\"_blank\">\t\t<div data-elementor-type=\"jet-listing-items\" data-elementor-id=\"5812\" class=\"elementor elementor-5812\" data-elementor-post-type=\"jet-engine\">\n\t\t\t\t<div class=\"elementor-element elementor-element-88ff4c8 e-con-full e-flex e-con e-parent\" data-id=\"88ff4c8\" data-element_type=\"container\" data-e-type=\"container\" data-settings=\"{&quot;background_background&quot;:&quot;classic&quot;}\">\n\t\t\t\t<div class=\"elementor-element elementor-element-449e153 elementor-widget elementor-widget-jet-listing-dynamic-field\" data-id=\"449e153\" data-element_type=\"widget\" data-e-type=\"widget\" data-widget_type=\"jet-listing-dynamic-field.default\">\n\t\t\t\t<div class=\"elementor-widget-container\">\n\t\t\t\t\t<div class=\"jet-listing jet-listing-dynamic-field display-inline\"><div class=\"jet-listing-dynamic-field__inline-wrap\"><h1 class=\"jet-listing-dynamic-field__content\" >Utbildning - Arbetstider, \u00f6vertid och vilotid<\/h1><\/div><\/div>\t\t\t\t<\/div>\n\t\t\t\t<\/div>\n\t\t\t\t<\/div>\n\t\t\t\t<\/div>\n\t\t<a href=\"https:\/\/thermion.se\/fi\/intranatet\/utbildning-arbetstider-overtid-och-vilotid\/\" class=\"jet-engine-listing-overlay-link\" target=\"_blank\"><\/a><\/div><\/div><\/div><\/div>\t\t\t\t<\/div>\n\t\t\t\t<\/div>\n\t\t\t\t<\/div>\n\t\t\t\t\t<\/div>\n\t\t\t\t<\/div>\n\t\t\t\t<\/div>\n\t\t","protected":false},"excerpt":{"rendered":"<p>L\u00f6yd\u00e4 helposti Seuraava projekti Siirry Hubspotiin Siirry uutisiin Lue lis\u00e4\u00e4 7. marraskuuta 2024 Lue lis\u00e4\u00e4 7. marraskuuta 2024 Lue lis\u00e4\u00e4 7. marraskuuta 2024 Uutisia Lue lis\u00e4\u00e4 7. marraskuuta 2024 Mit\u00e4 pit\u00e4\u00e4 tehd\u00e4: Tietokilpailut Koulutus - Matkat ja korvaukset Koulutus - Huoltoajoneuvot ja matkustaminen Sis\u00e4\u00e4notto Ty\u00f6ntekij\u00f6iden tiedotus Koulutus - Ty\u00f6vaatteet, turvakeng\u00e4t, suojavarusteet ja ty\u00f6kalut Koulutus - Ty\u00f6aika, ylity\u00f6t ja lepoajat<\/p>","protected":false},"author":1,"featured_media":0,"parent":0,"menu_order":0,"comment_status":"closed","ping_status":"closed","template":"","meta":{"_acf_changed":false,"content-type":"","slim_seo":{"title":"Intran\u00e4tet - Thermion","description":"Hitta l\u00e4tt Next Project G\u00e5 till Hubspot G\u00e5 till Nyheter L\u00e4s mer november 7, 2024 L\u00e4s mer november 7, 2024 Nyheter L\u00e4s mer november 7, 2024 Att g\u00f6ra: Quizzes Utb"},"footnotes":""},"class_list":["post-5698","page","type-page","status-publish","hentry"],"acf":[],"_links":{"self":[{"href":"https:\/\/thermion.se\/fi\/wp-json\/wp\/v2\/pages\/5698","targetHints":{"allow":["GET"]}}],"collection":[{"href":"https:\/\/thermion.se\/fi\/wp-json\/wp\/v2\/pages"}],"about":[{"href":"https:\/\/thermion.se\/fi\/wp-json\/wp\/v2\/types\/page"}],"author":[{"embeddable":true,"href":"https:\/\/thermion.se\/fi\/wp-json\/wp\/v2\/users\/1"}],"replies":[{"embeddable":true,"href":"https:\/\/thermion.se\/fi\/wp-json\/wp\/v2\/comments?post=5698"}],"version-history":[{"count":0,"href":"https:\/\/thermion.se\/fi\/wp-json\/wp\/v2\/pages\/5698\/revisions"}],"wp:attachment":[{"href":"https:\/\/thermion.se\/fi\/wp-json\/wp\/v2\/media?parent=5698"}],"curies":[{"name":"wp","href":"https:\/\/api.w.org\/{rel}","templated":true}]}}