{"id":5339,"date":"2024-06-25T09:06:14","date_gmt":"2024-06-25T07:06:14","guid":{"rendered":"https:\/\/thermion.se\/?page_id=5339"},"modified":"2025-05-02T15:52:39","modified_gmt":"2025-05-02T13:52:39","slug":"vara-varderingar","status":"publish","type":"page","link":"https:\/\/thermion.se\/fi\/vara-varderingar\/","title":{"rendered":"Arvomme"},"content":{"rendered":"<div data-elementor-type=\"wp-page\" data-elementor-id=\"5339\" class=\"elementor elementor-5339\" data-elementor-post-type=\"page\">\n\t\t\t\t<div class=\"elementor-element elementor-element-724e1371 e-flex e-con-boxed e-con e-parent\" data-id=\"724e1371\" data-element_type=\"container\" data-e-type=\"container\">\n\t\t\t\t\t<div class=\"e-con-inner\">\n\t\t\t\t<div class=\"elementor-element elementor-element-a00089e elementor-widget elementor-widget-heading\" data-id=\"a00089e\" data-element_type=\"widget\" data-e-type=\"widget\" data-widget_type=\"heading.default\">\n\t\t\t\t<div class=\"elementor-widget-container\">\n\t\t\t\t\t<h2 class=\"elementor-heading-title elementor-size-default\">Arvomme<\/h2>\t\t\t\t<\/div>\n\t\t\t\t<\/div>\n\t\t\t\t<div class=\"elementor-element elementor-element-39e685bd elementor-widget elementor-widget-text-editor\" data-id=\"39e685bd\" data-element_type=\"widget\" data-e-type=\"widget\" data-widget_type=\"text-editor.default\">\n\t\t\t\t<div class=\"elementor-widget-container\">\n\t\t\t\t\t\t\t\t\t\n<p>Thermionin arvot on kehitetty yhdess\u00e4 kaikkien ty\u00f6ntekij\u00f6iden kanssa. Perusajatuksena on, ett\u00e4 kaikkien ty\u00f6ntekij\u00f6iden on asemasta riippumatta voitava tehd\u00e4 omia p\u00e4\u00e4t\u00f6ksi\u00e4 strategiamme ja arvojemme mukaisesti. Arvot muokkaavat kulttuuriamme, tapaa, jolla suhtaudumme toisiimme ja miten rakennamme suhteita. K\u00e4ytt\u00e4ytymisemme ja toimintamme on se, jolla voimme vaikuttaa parempaan arkeen ja vihre\u00e4mp\u00e4\u00e4n maailmaan.<\/p>\n\t\t\t\t\t\t\t\t<\/div>\n\t\t\t\t<\/div>\n\t\t\t\t\t<\/div>\n\t\t\t\t<\/div>\n\t\t<div class=\"elementor-element elementor-element-1d31e6c e-flex e-con-boxed e-con e-parent\" data-id=\"1d31e6c\" data-element_type=\"container\" data-e-type=\"container\">\n\t\t\t\t\t<div class=\"e-con-inner\">\n\t\t\t\t<div class=\"elementor-element elementor-element-9f0236e elementor-widget elementor-widget-image\" data-id=\"9f0236e\" data-element_type=\"widget\" data-e-type=\"widget\" data-no-translation=\"\" data-widget_type=\"image.default\">\n\t\t\t\t<div class=\"elementor-widget-container\">\n\t\t\t\t\t<style>.elementor-element-9f0236e{display:none !important}<\/style>\t\t\t\t<\/div>\n\t\t\t\t<\/div>\n\t\t\t\t<div class=\"elementor-element elementor-element-eff0f74 elementor-widget elementor-widget-image\" data-id=\"eff0f74\" data-element_type=\"widget\" data-e-type=\"widget\" data-no-translation=\"\" data-widget_type=\"image.default\">\n\t\t\t\t<div class=\"elementor-widget-container\">\n\t\t\t\t\t<style>.elementor-element-eff0f74{display:none !important}<\/style>\t\t\t\t<\/div>\n\t\t\t\t<\/div>\n\t\t\t\t\t<\/div>\n\t\t\t\t<\/div>\n\t\t<div class=\"elementor-element elementor-element-41c30cb e-flex e-con-boxed e-con e-parent\" data-id=\"41c30cb\" data-element_type=\"container\" data-e-type=\"container\">\n\t\t\t\t\t<div class=\"e-con-inner\">\n\t\t\t\t<div class=\"elementor-element elementor-element-b23f719 elementor-widget elementor-widget-text-editor\" data-id=\"b23f719\" data-element_type=\"widget\" data-e-type=\"widget\" data-no-translation=\"\" data-widget_type=\"text-editor.default\">\n\t\t\t\t<div class=\"elementor-widget-container\">\n\t\t\t\t\t<style>.elementor-element-b23f719{display:none !important}<\/style>\t\t\t\t<\/div>\n\t\t\t\t<\/div>\n\t\t\t\t<div class=\"elementor-element elementor-element-b8bd4f5 elementor-widget elementor-widget-text-editor\" data-id=\"b8bd4f5\" data-element_type=\"widget\" data-e-type=\"widget\" data-no-translation=\"\" data-widget_type=\"text-editor.default\">\n\t\t\t\t<div class=\"elementor-widget-container\">\n\t\t\t\t\t<style>.elementor-element-b8bd4f5{display:none !important}<\/style>\t\t\t\t<\/div>\n\t\t\t\t<\/div>\n\t\t\t\t\t<\/div>\n\t\t\t\t<\/div>\n\t\t\t\t<\/div>","protected":false},"excerpt":{"rendered":"<p>V\u00e5ra v\u00e4rderingar Thermions v\u00e4rderingar har tagits fram tillsammans med alla medarbetare. Grundtanken \u00e4r att alla medarbetare, oavsett befattning, ska kunna fatta egna beslut i linje med v\u00e5r strategi och v\u00e4rdegrund. V\u00e4rderingarna formar v\u00e5r kultur, s\u00e4ttet vi f\u00f6rh\u00e5ller oss till varandra och hur vi bygger relationer. Det \u00e4r i v\u00e5ra beteenden och ageranden vi kan g\u00f6ra [&hellip;]<\/p>\n","protected":false},"author":1,"featured_media":440,"parent":0,"menu_order":0,"comment_status":"closed","ping_status":"closed","template":"","meta":{"_acf_changed":false,"content-type":"","slim_seo":{"title":"Arvomme - Thermion","description":"Arvomme Thermionin arvot on kehitetty yhdess\u00e4 kaikkien ty\u00f6ntekij\u00f6iden kanssa. Perusajatuksena on, ett\u00e4 kaikkien ty\u00f6ntekij\u00f6iden, asemasta riippumatta, tulisi pysty\u00e4"},"footnotes":""},"class_list":["post-5339","page","type-page","status-publish","has-post-thumbnail","hentry"],"acf":[],"_links":{"self":[{"href":"https:\/\/thermion.se\/fi\/wp-json\/wp\/v2\/pages\/5339","targetHints":{"allow":["GET"]}}],"collection":[{"href":"https:\/\/thermion.se\/fi\/wp-json\/wp\/v2\/pages"}],"about":[{"href":"https:\/\/thermion.se\/fi\/wp-json\/wp\/v2\/types\/page"}],"author":[{"embeddable":true,"href":"https:\/\/thermion.se\/fi\/wp-json\/wp\/v2\/users\/1"}],"replies":[{"embeddable":true,"href":"https:\/\/thermion.se\/fi\/wp-json\/wp\/v2\/comments?post=5339"}],"version-history":[{"count":0,"href":"https:\/\/thermion.se\/fi\/wp-json\/wp\/v2\/pages\/5339\/revisions"}],"wp:featuredmedia":[{"embeddable":true,"href":"https:\/\/thermion.se\/fi\/wp-json\/wp\/v2\/media\/440"}],"wp:attachment":[{"href":"https:\/\/thermion.se\/fi\/wp-json\/wp\/v2\/media?parent=5339"}],"curies":[{"name":"wp","href":"https:\/\/api.w.org\/{rel}","templated":true}]}}