{"id":3527,"date":"2024-01-01T15:44:28","date_gmt":"2024-01-01T14:44:28","guid":{"rendered":"https:\/\/thermion.cilla.enson.se\/?page_id=3527"},"modified":"2025-05-02T15:52:41","modified_gmt":"2025-05-02T13:52:41","slug":"bli-larling","status":"publish","type":"page","link":"https:\/\/thermion.se\/fi\/karriar\/bli-larling\/","title":{"rendered":"Ryhdy oppisopimuskoulutettavaksi"},"content":{"rendered":"<div data-elementor-type=\"wp-page\" data-elementor-id=\"3527\" class=\"elementor elementor-3527\" data-elementor-post-type=\"page\">\n\t\t\t\t<div class=\"elementor-element elementor-element-caec472 e-flex e-con-boxed e-con e-child\" data-id=\"caec472\" data-element_type=\"container\" data-e-type=\"container\">\n\t\t\t\t\t<div class=\"e-con-inner\">\n\t\t\t\t<div class=\"elementor-element elementor-element-e88bb28 elementor-widget elementor-widget-heading\" data-id=\"e88bb28\" data-element_type=\"widget\" data-e-type=\"widget\" data-widget_type=\"heading.default\">\n\t\t\t\t<div class=\"elementor-widget-container\">\n\t\t\t\t\t<h2 class=\"elementor-heading-title elementor-size-default\">Ryhdy oppisopimuskoulutettavaksi<\/h2>\t\t\t\t<\/div>\n\t\t\t\t<\/div>\n\t\t\t\t<div class=\"elementor-element elementor-element-49ba070 elementor-widget elementor-widget-text-editor\" data-id=\"49ba070\" data-element_type=\"widget\" data-e-type=\"widget\" data-widget_type=\"text-editor.default\">\n\t\t\t\t<div class=\"elementor-widget-container\">\n\t\t\t\t\t\t\t\t\t<p>Tutki tulevaisuuttasi Thermionin oppisopimuskoulutuksessa! Uskomme seuraavan sukupolven ammattitaitoisten ammattilaisten muodostamiseen ja teemme aktiivisesti yhteisty\u00f6t\u00e4 koulutuskumppaneiden, kuten IF-skolanin, kanssa tarjotaksemme j\u00e4nnitt\u00e4v\u00e4n oppimispolun. IF-skolan on kouluttanut teollisuutta yli 20 vuoden ajan teknisiss\u00e4 eristyksiss\u00e4, LVI-t\u00f6iss\u00e4 ja eristelevyjen valmistuksessa.<\/p><p>Oppisopimuskoulutuksella on ratkaiseva merkitys alamme jatkuvalle kasvulle ja hyvinvoinnille, ja siksi se on Thermionin ensisijainen tavoite. Meill\u00e4 saat paitsi ammatillisen koulutuksen, my\u00f6s mahdollisuuden olla osa dynaamista tiimi\u00e4 ja auttaa muokkaamaan tulevaisuutta.<\/p>\t\t\t\t\t\t\t\t<\/div>\n\t\t\t\t<\/div>\n\t\t\t\t<div class=\"elementor-element elementor-element-96380e2 elementor-align-left elementor-tablet-align-left elementor-widget elementor-widget-button\" data-id=\"96380e2\" data-element_type=\"widget\" data-e-type=\"widget\" data-widget_type=\"button.default\">\n\t\t\t\t<div class=\"elementor-widget-container\">\n\t\t\t\t\t\t\t\t\t<div class=\"elementor-button-wrapper\">\n\t\t\t\t\t<a class=\"elementor-button elementor-button-link elementor-size-sm elementor-animation-grow\" href=\"https:\/\/www.ifskolan.se\/\" target=\"_blank\">\n\t\t\t\t\t\t<span class=\"elementor-button-content-wrapper\">\n\t\t\t\t\t\t\t\t\t<span class=\"elementor-button-text\">IF-kouluun<\/span>\n\t\t\t\t\t<\/span>\n\t\t\t\t\t<\/a>\n\t\t\t\t<\/div>\n\t\t\t\t\t\t\t\t<\/div>\n\t\t\t\t<\/div>\n\t\t\t\t<div class=\"elementor-element elementor-element-c9fd776 bild-container elementor-widget elementor-widget-image\" data-id=\"c9fd776\" data-element_type=\"widget\" data-e-type=\"widget\" data-widget_type=\"image.default\">\n\t\t\t\t<div class=\"elementor-widget-container\">\n\t\t\t\t\t\t\t\t\t\t\t\t\t\t\t<img fetchpriority=\"high\" decoding=\"async\" width=\"800\" height=\"534\" src=\"https:\/\/thermion.se\/wp-content\/uploads\/2023\/12\/9b18b2cde159f10260eb256b4013682c-1920x12821-1.webp\" class=\"attachment-large size-large wp-image-936\" alt=\"Blir l\u00e4rling\" \/>\t\t\t\t\t\t\t\t\t\t\t\t\t\t\t<\/div>\n\t\t\t\t<\/div>\n\t\t\t\t\t<\/div>\n\t\t\t\t<\/div>\n\t\t\t\t<\/div>","protected":false},"excerpt":{"rendered":"<p>Bli l\u00e4rling Utforska din framtid som l\u00e4rling hos Thermion! Vi tror p\u00e5 att forma n\u00e4sta generation av kompetenta yrkespersoner och samarbetar aktivt med utbildningspartners s\u00e5som IF-skolan f\u00f6r att erbjuda en sp\u00e4nnande inl\u00e4rningsv\u00e4g. IF-skolan har utbildat branschen i mer \u00e4n 20 \u00e5r inom teknisk isolering, VVS samt isoleringspl\u00e5tslageri . Att utbilda l\u00e4rlingar \u00e4r avg\u00f6rande f\u00f6r att [&hellip;]<\/p>\n","protected":false},"author":1,"featured_media":0,"parent":257,"menu_order":0,"comment_status":"closed","ping_status":"closed","template":"","meta":{"_acf_changed":false,"content-type":"","slim_seo":{"facebook_image":"https:\/\/thermion.se\/wp-content\/uploads\/2023\/12\/9b18b2cde159f10260eb256b4013682c-1920x12821-1.jpeg","title":"Tule oppisopimuskoulutukseen - Thermion","description":"Tule oppisopimuskoulutukseen Tutustu tulevaisuuteen Thermionin oppisopimuskoulutuksessa! Uskomme seuraavan sukupolven ammattitaitoisten ammattilaisten kasvattamiseen ja teemme aktiivisesti yhteisty\u00f6t\u00e4 koulutusorganisaatioiden kanssa."},"footnotes":""},"class_list":["post-3527","page","type-page","status-publish","hentry"],"acf":[],"_links":{"self":[{"href":"https:\/\/thermion.se\/fi\/wp-json\/wp\/v2\/pages\/3527","targetHints":{"allow":["GET"]}}],"collection":[{"href":"https:\/\/thermion.se\/fi\/wp-json\/wp\/v2\/pages"}],"about":[{"href":"https:\/\/thermion.se\/fi\/wp-json\/wp\/v2\/types\/page"}],"author":[{"embeddable":true,"href":"https:\/\/thermion.se\/fi\/wp-json\/wp\/v2\/users\/1"}],"replies":[{"embeddable":true,"href":"https:\/\/thermion.se\/fi\/wp-json\/wp\/v2\/comments?post=3527"}],"version-history":[{"count":0,"href":"https:\/\/thermion.se\/fi\/wp-json\/wp\/v2\/pages\/3527\/revisions"}],"up":[{"embeddable":true,"href":"https:\/\/thermion.se\/fi\/wp-json\/wp\/v2\/pages\/257"}],"wp:attachment":[{"href":"https:\/\/thermion.se\/fi\/wp-json\/wp\/v2\/media?parent=3527"}],"curies":[{"name":"wp","href":"https:\/\/api.w.org\/{rel}","templated":true}]}}