{"id":257,"date":"2023-12-10T13:24:47","date_gmt":"2023-12-10T13:24:47","guid":{"rendered":"https:\/\/thermion.cilla.enson.se\/?page_id=257"},"modified":"2025-05-02T15:52:50","modified_gmt":"2025-05-02T13:52:50","slug":"karriar","status":"publish","type":"page","link":"https:\/\/thermion.se\/fi\/karriar\/","title":{"rendered":"Ty\u00f6urat"},"content":{"rendered":"<div data-elementor-type=\"wp-page\" data-elementor-id=\"257\" class=\"elementor elementor-257\" data-elementor-post-type=\"page\">\n\t\t\t\t<div class=\"elementor-element elementor-element-72d772fa e-flex e-con-boxed e-con e-parent\" data-id=\"72d772fa\" data-element_type=\"container\" data-e-type=\"container\" data-settings=\"{&quot;background_background&quot;:&quot;classic&quot;}\">\n\t\t\t\t\t<div class=\"e-con-inner\">\n\t\t\t\t<div class=\"elementor-element elementor-element-4f146da4 elementor-widget elementor-widget-text-editor\" data-id=\"4f146da4\" data-element_type=\"widget\" data-e-type=\"widget\" data-widget_type=\"text-editor.default\">\n\t\t\t\t<div class=\"elementor-widget-container\">\n\t\t\t\t\t\t\t\t\t\n<h2 class=\"wp-block-heading\">Nauti j\u00e4nnitt\u00e4v\u00e4st\u00e4 urasta Thermionilla<\/h2>\n\n<p>Haaveiletko urasta yrityksess\u00e4, joka palkitsee ja haastaa lahjakkaita ty\u00f6ntekij\u00f6it\u00e4\u00e4n? Haluatko ty\u00f6skennell\u00e4 kansainv\u00e4lisesti ja kehitt\u00e4\u00e4 taitojasi jatkuvasti?<\/p>\n\n<h2 class=\"wp-block-heading\">Keskittyminen ty\u00f6ntekij\u00f6ihin<\/h2>\n\n<p>Olemme yritys, joka toimii ammattimaisesti asiakkaita kohtaan ja on hyv\u00e4 ty\u00f6paikka, josta olemme ylpeit\u00e4 ja jossa olemme todella hyvi\u00e4 auttamaan toisiamme. Yksitt\u00e4isell\u00e4 ty\u00f6ntekij\u00e4ll\u00e4 on suora vastuu omista teht\u00e4vist\u00e4\u00e4n ja siten yhteinen vastuu koko ty\u00f6st\u00e4 - perusperiaatteena vapaus vastuun alla. Siihen sis\u00e4ltyy my\u00f6s se, ett\u00e4 yksil\u00f6 kokee luottamusta siihen, mit\u00e4 h\u00e4n tekee, ja ett\u00e4 yksil\u00f6 tiet\u00e4\u00e4, miten muut\/johto n\u00e4kev\u00e4t yksil\u00f6n antamat ponnistelut. Jokainen ty\u00f6ntekij\u00e4 ja esimies nauttii ja kokee ty\u00f6el\u00e4m\u00e4ss\u00e4 mielenrauhaa ja perspektiivi\u00e4, ett\u00e4 h\u00e4nen ty\u00f6t\u00e4\u00e4n kunnioitetaan ja ett\u00e4 jokainen kokee avoimuutta, ymm\u00e4rryst\u00e4, luottamusta ja kunnioitusta jokap\u00e4iv\u00e4isess\u00e4 el\u00e4m\u00e4ss\u00e4. Ett\u00e4 erilaisuudelle on tilaa ja ett\u00e4 yksil\u00f6\u00e4 kuunnellaan.<\/p>\n\n<h2 class=\"wp-block-heading\">Koulutus<\/h2>\n\n<p>T\u00e4rkein voimavaramme on erityisesti koulutettu henkil\u00f6kuntamme, jota p\u00e4ivit\u00e4mme jatkuvasti asiaankuuluvilla kursseilla. Ty\u00f6ntekij\u00f6idemme koulutuksen ansiosta voimme tehostaa projektinhallintaa, lis\u00e4t\u00e4 joustavuutta ja minimoida asiakkaidemme kustannukset.<\/p>\n\n<h2 class=\"wp-block-heading\">Hyv\u00e4t johtajat<\/h2>\n\n<p>Thermionissa olemme omaksuneet joitakin hyv\u00e4n johtamisen periaatteita. Ne ovat t\u00e4rke\u00e4 osa hyv\u00e4\u00e4 johtamisk\u00e4yt\u00e4nt\u00f6\u00e4 ja v\u00e4ltt\u00e4m\u00e4t\u00f6n edellytys sille, ett\u00e4 Thermion voi kehitty\u00e4 dynaamisena ja markkinajohtajana.<\/p>\n\t\t\t\t\t\t\t\t<\/div>\n\t\t\t\t<\/div>\n\t\t\t\t<div class=\"elementor-element elementor-element-5611a04 bild-container elementor-widget elementor-widget-image\" data-id=\"5611a04\" data-element_type=\"widget\" data-e-type=\"widget\" data-widget_type=\"image.default\">\n\t\t\t\t<div class=\"elementor-widget-container\">\n\t\t\t\t\t\t\t\t\t\t\t\t\t\t\t<img fetchpriority=\"high\" decoding=\"async\" width=\"800\" height=\"534\" src=\"https:\/\/thermion.se\/wp-content\/uploads\/2023\/12\/9b18b2cde159f10260eb256b4013682c-1920x12821-1.webp\" class=\"attachment-large size-large wp-image-936\" alt=\"Blir l\u00e4rling\" \/>\t\t\t\t\t\t\t\t\t\t\t\t\t\t\t<\/div>\n\t\t\t\t<\/div>\n\t\t\t\t<div class=\"elementor-element elementor-element-28ff697 button elementor-widget elementor-widget-button\" data-id=\"28ff697\" data-element_type=\"widget\" data-e-type=\"widget\" data-widget_type=\"button.default\">\n\t\t\t\t<div class=\"elementor-widget-container\">\n\t\t\t\t\t\t\t\t\t<div class=\"elementor-button-wrapper\">\n\t\t\t\t\t<a class=\"elementor-button elementor-button-link elementor-size-sm elementor-animation-grow\" href=\"https:\/\/thermion.se\/fi\/karriar\/lediga-jobb\/\">\n\t\t\t\t\t\t<span class=\"elementor-button-content-wrapper\">\n\t\t\t\t\t\t\t\t\t<span class=\"elementor-button-text\">Avoimet ty\u00f6paikat<\/span>\n\t\t\t\t\t<\/span>\n\t\t\t\t\t<\/a>\n\t\t\t\t<\/div>\n\t\t\t\t\t\t\t\t<\/div>\n\t\t\t\t<\/div>\n\t\t\t\t\t<\/div>\n\t\t\t\t<\/div>\n\t\t\t\t<\/div>","protected":false},"excerpt":{"rendered":"<p>F\u00e5 en sp\u00e4nnande karri\u00e4r hos Thermion Dr\u00f6mmer du om en karri\u00e4r i ett f\u00f6retag som bel\u00f6nar och utmanar sina beg\u00e5vade medarbetare? Vill du kunna arbeta internationellt och kontinuerligt utveckla kompetens? Fokus p\u00e5 anst\u00e4llda Vi \u00e4r ett f\u00f6retag som agerar professionellt mot kunderna och \u00e4r en bra arbetsplats som vi \u00e4r stolta \u00f6ver och d\u00e4r vi [&hellip;]<\/p>\n","protected":false},"author":1,"featured_media":0,"parent":0,"menu_order":0,"comment_status":"closed","ping_status":"closed","template":"","meta":{"_acf_changed":false,"content-type":"","slim_seo":{"facebook_image":"https:\/\/thermion.se\/wp-content\/uploads\/2023\/12\/9b18b2cde159f10260eb256b4013682c-1920x12821-1.jpeg","title":"Ura - Thermion","description":"Hanki j\u00e4nnitt\u00e4v\u00e4 ura Thermionilla Haaveiletko urasta yrityksess\u00e4, joka palkitsee ja haastaa lahjakkaita ty\u00f6ntekij\u00f6it\u00e4\u00e4n? Haluatko ty\u00f6skennell\u00e4 kansainv\u00e4lisesti?"},"footnotes":""},"class_list":["post-257","page","type-page","status-publish","hentry"],"acf":[],"_links":{"self":[{"href":"https:\/\/thermion.se\/fi\/wp-json\/wp\/v2\/pages\/257","targetHints":{"allow":["GET"]}}],"collection":[{"href":"https:\/\/thermion.se\/fi\/wp-json\/wp\/v2\/pages"}],"about":[{"href":"https:\/\/thermion.se\/fi\/wp-json\/wp\/v2\/types\/page"}],"author":[{"embeddable":true,"href":"https:\/\/thermion.se\/fi\/wp-json\/wp\/v2\/users\/1"}],"replies":[{"embeddable":true,"href":"https:\/\/thermion.se\/fi\/wp-json\/wp\/v2\/comments?post=257"}],"version-history":[{"count":0,"href":"https:\/\/thermion.se\/fi\/wp-json\/wp\/v2\/pages\/257\/revisions"}],"wp:attachment":[{"href":"https:\/\/thermion.se\/fi\/wp-json\/wp\/v2\/media?parent=257"}],"curies":[{"name":"wp","href":"https:\/\/api.w.org\/{rel}","templated":true}]}}