{"id":255,"date":"2023-12-10T13:24:47","date_gmt":"2023-12-10T13:24:47","guid":{"rendered":"https:\/\/thermion.cilla.enson.se\/?page_id=255"},"modified":"2024-04-23T16:39:37","modified_gmt":"2024-04-23T14:39:37","slug":"om-thermion","status":"publish","type":"page","link":"https:\/\/thermion.se\/fi\/om-thermion\/","title":{"rendered":"Tietoja Thermionista"},"content":{"rendered":"\t\t<div data-elementor-type=\"wp-page\" data-elementor-id=\"255\" class=\"elementor elementor-255\" data-elementor-post-type=\"page\">\n\t\t\t\t<div class=\"elementor-element elementor-element-3b333863 e-flex e-con-boxed e-con e-parent\" data-id=\"3b333863\" data-element_type=\"container\" data-e-type=\"container\">\n\t\t\t\t\t<div class=\"e-con-inner\">\n\t\t\t\t<div class=\"elementor-element elementor-element-4e74c73 elementor-widget elementor-widget-heading\" data-id=\"4e74c73\" data-element_type=\"widget\" data-e-type=\"widget\" data-widget_type=\"heading.default\">\n\t\t\t\t<div class=\"elementor-widget-container\">\n\t\t\t\t\t<h2 class=\"elementor-heading-title elementor-size-default\">Om Thermion<\/h2>\t\t\t\t<\/div>\n\t\t\t\t<\/div>\n\t\t\t\t<div class=\"elementor-element elementor-element-227045d5 elementor-widget elementor-widget-text-editor\" data-id=\"227045d5\" data-element_type=\"widget\" data-e-type=\"widget\" data-widget_type=\"text-editor.default\">\n\t\t\t\t<div class=\"elementor-widget-container\">\n\t\t\t\t\t\t\t\t\t\n<p>Thermion \u00e4r ett ledande service- och entreprenadf\u00f6retag som inom energi-, industri- och byggsektorn bidrar till merv\u00e4rde f\u00f6r v\u00e5ra kunder.<\/p>\n\n\n\n<p>Detta g\u00f6rs genom att leverera konkurrenskraftiga totall\u00f6sningar som bland annat reducerar energif\u00f6rbrukningen och minskar den globala uppv\u00e4rmningen.<\/p>\n\n\n\n<p>Vi \u00e4r verksamma inom teknisk isolering, vi utf\u00f6r \u00e4ven r\u00f6r- och ventilm\u00e4rkning samt ljud- och brandt\u00e4tningar.<\/p>\n\t\t\t\t\t\t\t\t<\/div>\n\t\t\t\t<\/div>\n\t\t\t\t<div class=\"elementor-element elementor-element-9bf5c88 elementor-widget__width-initial elementor-widget elementor-widget-video\" data-id=\"9bf5c88\" data-element_type=\"widget\" data-e-type=\"widget\" data-settings=\"{&quot;video_type&quot;:&quot;hosted&quot;,&quot;controls&quot;:&quot;yes&quot;}\" data-widget_type=\"video.default\">\n\t\t\t\t<div class=\"elementor-widget-container\">\n\t\t\t\t\t\t\t<div class=\"e-hosted-video elementor-wrapper elementor-open-inline\">\n\t\t\t\t\t<video class=\"elementor-video\" src=\"https:\/\/thermion.se\/wp-content\/uploads\/2024\/04\/thermion-film-m-musik.mp4\" controls=\"\" preload=\"auto\" controlsList=\"nodownload\"><\/video>\n\t\t\t\t<\/div>\n\t\t\t\t\t\t<\/div>\n\t\t\t\t<\/div>\n\t\t\t\t\t<\/div>\n\t\t\t\t<\/div>\n\t\t<div class=\"elementor-element elementor-element-a38ea3b e-flex e-con-boxed e-con e-parent\" data-id=\"a38ea3b\" data-element_type=\"container\" data-e-type=\"container\">\n\t\t\t\t\t<div class=\"e-con-inner\">\n\t\t\t\t<div class=\"elementor-element elementor-element-5015c61 bild-container elementor-widget elementor-widget-image\" data-id=\"5015c61\" data-element_type=\"widget\" data-e-type=\"widget\" data-widget_type=\"image.default\">\n\t\t\t\t<div class=\"elementor-widget-container\">\n\t\t\t\t\t\t\t\t\t\t\t\t\t\t\t<img fetchpriority=\"high\" decoding=\"async\" width=\"450\" height=\"300\" src=\"https:\/\/thermion.se\/wp-content\/uploads\/2023\/12\/Markeder-Energi1.webp\" class=\"attachment-large size-large wp-image-2740\" alt=\"Markeder Energi[1]\" \/>\t\t\t\t\t\t\t\t\t\t\t\t\t\t\t<\/div>\n\t\t\t\t<\/div>\n\t\t\t\t<div class=\"elementor-element elementor-element-e3a9740 bild-container elementor-widget elementor-widget-image\" data-id=\"e3a9740\" data-element_type=\"widget\" data-e-type=\"widget\" data-widget_type=\"image.default\">\n\t\t\t\t<div class=\"elementor-widget-container\">\n\t\t\t\t\t\t\t\t\t\t\t\t\t\t\t<img decoding=\"async\" width=\"450\" height=\"300\" src=\"https:\/\/thermion.se\/wp-content\/uploads\/2023\/12\/Oevriga-Tjaenst1.webp\" class=\"attachment-large size-large wp-image-2739\" alt=\"Oevriga Tjaenst[1]\" \/>\t\t\t\t\t\t\t\t\t\t\t\t\t\t\t<\/div>\n\t\t\t\t<\/div>\n\t\t\t\t\t<\/div>\n\t\t\t\t<\/div>\n\t\t\t\t<\/div>\n\t\t","protected":false},"excerpt":{"rendered":"<p>Thermion on johtava palvelu- ja urakointiyritys, joka tuottaa lis\u00e4arvoa asiakkaillemme energia-, teollisuus- ja rakennusaloilla. T\u00e4m\u00e4 tapahtuu toimittamalla kilpailukykyisi\u00e4 kokonaisratkaisuja, jotka muun muassa v\u00e4hent\u00e4v\u00e4t energiankulutusta ja v\u00e4hent\u00e4v\u00e4t ilmaston l\u00e4mpenemist\u00e4. Toimimme aktiivisesti teknisten eristysten alalla, teemme my\u00f6s putkien ja venttiilien merkint\u00f6j\u00e4 sek\u00e4 \u00e4\u00e4ni- ja palotiivistyksi\u00e4. https:\/\/thermion.se\/wp-content\/uploads\/2024\/04\/thermion-film-m-musik.mp4.<\/p>","protected":false},"author":1,"featured_media":0,"parent":0,"menu_order":0,"comment_status":"closed","ping_status":"closed","template":"","meta":{"_acf_changed":false,"content-type":"","slim_seo":{"title":"Tietoja Thermionista - Thermion","description":"Thermion on johtava palvelu- ja urakointiyritys, joka tuottaa lis\u00e4arvoa asiakkaillemme energia-, teollisuus- ja rakennusaloilla. Teemme t\u00e4m\u00e4n"},"footnotes":""},"class_list":["post-255","page","type-page","status-publish","hentry"],"acf":[],"_links":{"self":[{"href":"https:\/\/thermion.se\/fi\/wp-json\/wp\/v2\/pages\/255","targetHints":{"allow":["GET"]}}],"collection":[{"href":"https:\/\/thermion.se\/fi\/wp-json\/wp\/v2\/pages"}],"about":[{"href":"https:\/\/thermion.se\/fi\/wp-json\/wp\/v2\/types\/page"}],"author":[{"embeddable":true,"href":"https:\/\/thermion.se\/fi\/wp-json\/wp\/v2\/users\/1"}],"replies":[{"embeddable":true,"href":"https:\/\/thermion.se\/fi\/wp-json\/wp\/v2\/comments?post=255"}],"version-history":[{"count":0,"href":"https:\/\/thermion.se\/fi\/wp-json\/wp\/v2\/pages\/255\/revisions"}],"wp:attachment":[{"href":"https:\/\/thermion.se\/fi\/wp-json\/wp\/v2\/media?parent=255"}],"curies":[{"name":"wp","href":"https:\/\/api.w.org\/{rel}","templated":true}]}}