{"id":1726,"date":"2023-12-18T08:47:34","date_gmt":"2023-12-18T07:47:34","guid":{"rendered":"https:\/\/thermion.cilla.enson.se\/?page_id=1726"},"modified":"2026-01-23T10:50:57","modified_gmt":"2026-01-23T09:50:57","slug":"visselblasning","status":"publish","type":"page","link":"https:\/\/thermion.se\/fi\/kontakta-oss\/visselblasning\/","title":{"rendered":"Ilmoitusvelvollisuus"},"content":{"rendered":"<div data-elementor-type=\"wp-page\" data-elementor-id=\"1726\" class=\"elementor elementor-1726\" data-elementor-post-type=\"page\">\n\t\t\t\t<div class=\"elementor-element elementor-element-1df3280a e-flex e-con-boxed e-con e-parent\" data-id=\"1df3280a\" data-element_type=\"container\" data-e-type=\"container\">\n\t\t\t\t\t<div class=\"e-con-inner\">\n\t\t\t\t<div class=\"elementor-element elementor-element-cbe6bce elementor-widget elementor-widget-heading\" data-id=\"cbe6bce\" data-element_type=\"widget\" data-e-type=\"widget\" data-widget_type=\"heading.default\">\n\t\t\t\t<div class=\"elementor-widget-container\">\n\t\t\t\t\t<h2 class=\"elementor-heading-title elementor-size-default\">Ilmoitusvelvollisuus<\/h2>\t\t\t\t<\/div>\n\t\t\t\t<\/div>\n\t\t\t\t<div class=\"elementor-element elementor-element-2b321c9e elementor-widget elementor-widget-text-editor\" data-id=\"2b321c9e\" data-element_type=\"widget\" data-e-type=\"widget\" data-widget_type=\"text-editor.default\">\n\t\t\t\t<div class=\"elementor-widget-container\">\n\t\t\t\t\t\t\t\t\t\n<h5>Miksi ilmiantajia?<\/h5>\n<p>Thermionissa pyrimme luomaan avoimen ja l\u00e4pin\u00e4kyv\u00e4n ty\u00f6paikan, jossa v\u00e4\u00e4rink\u00e4yt\u00f6ksi\u00e4 ei pit\u00e4isi esiinty\u00e4. Tarjoamalla sinulle mahdollisuuden tehd\u00e4 ilmiantoja s\u00e4ilyt\u00e4mme t\u00e4m\u00e4n yhdess\u00e4. K\u00e4yt\u00e4mme Visslanin ilmiantokanavaa, joka takaa nimett\u00f6myytesi ja korkean turvallisuuden ja johon p\u00e4\u00e4set klikkaamalla t\u00e4st\u00e4: <a href=\"https:\/\/thermion.visslan-report.se\/\" target=\"_blank\" rel=\"noopener\">https:\/\/thermion.visslan-report.se\/<\/a>\u00a0<\/p>\n<p>\u00a0<\/p>\n<h5>Kuka voi tehd\u00e4 ilmoituksen?<\/h5>\n<p>Yksinkertaisesti sanottuna voit ilmoittaa v\u00e4\u00e4rink\u00e4yt\u00f6ksist\u00e4, jos ty\u00f6skentelet tai olet ty\u00f6skennellyt Thermionilla. Jos olet ep\u00e4varma, kehotamme sinua lukemaan lis\u00e4\u00e4 ilmiantajapolitiikastamme.<\/p>\n<p>\u00a0<\/p>\n<h5>Mit\u00e4 voidaan ilmoittaa?<\/h5>\n<p>Kannustamme sinua puhaltamaan ilmiantajaksi, jos ep\u00e4ilet v\u00e4\u00e4rink\u00e4yt\u00f6ksi\u00e4 yrityksess\u00e4 ja jos niiden paljastaminen on yleisen edun mukaista. Jos olet ep\u00e4varma, kehotamme sinua lukemaan lis\u00e4\u00e4 ilmiantajapolitiikastamme. Sinun ei tarvitse esitt\u00e4\u00e4 todisteita ep\u00e4ilyksesi tueksi, mutta kaikki ilmoitukset on teht\u00e4v\u00e4 vilpitt\u00f6m\u00e4ss\u00e4 mieless\u00e4.<\/p>\n<p>\u00a0<\/p>\n<h5>Miten raportointi hoidetaan?<\/h5>\n<p>Raportointi k\u00e4sitell\u00e4\u00e4n luottamuksellisesti. Kaikki ep\u00e4olennaiset henkil\u00f6tiedot poistetaan, ja asiaa s\u00e4ilytet\u00e4\u00e4n vain niin kauan kuin on tarpeen. Tapauksemme k\u00e4sittelee Advokatfirma Lindahl tapausten riippumattoman k\u00e4sittelyn varmistamiseksi.<\/p>\n<p>\u00a0<\/p>\n<h5>Onko sinulla viel\u00e4 kysytt\u00e4v\u00e4\u00e4?<\/h5>\n<p>Jos haluat lis\u00e4tietoja siit\u00e4, miten k\u00e4sittelemme ilmiantotapauksia, henkil\u00f6tietoja tai terveys- ja turvallisuuskysymyksi\u00e4, lue ilmiantok\u00e4yt\u00e4nt\u00f6mme.<\/p>\n\t\t\t\t\t\t\t\t<\/div>\n\t\t\t\t<\/div>\n\t\t\t\t<div class=\"elementor-element elementor-element-8670f88 elementor-widget elementor-widget-text-editor\" data-id=\"8670f88\" data-element_type=\"widget\" data-e-type=\"widget\" data-widget_type=\"text-editor.default\">\n\t\t\t\t<div class=\"elementor-widget-container\">\n\t\t\t\t\t\t\t\t\t<p><a href=\"https:\/\/thermion.se\/wp-content\/uploads\/2026\/01\/Thermion-Visselblasarpolicy.pdf\" target=\"_blank\" rel=\"noopener\">Thermionin ilmiantajapolitiikka<\/a><\/p>\t\t\t\t\t\t\t\t<\/div>\n\t\t\t\t<\/div>\n\t\t\t\t<div class=\"elementor-element elementor-element-36a03d4 elementor-widget elementor-widget-image\" data-id=\"36a03d4\" data-element_type=\"widget\" data-e-type=\"widget\" data-widget_type=\"image.default\">\n\t\t\t\t<div class=\"elementor-widget-container\">\n\t\t\t\t\t\t\t\t\t\t\t\t\t\t\t<img fetchpriority=\"high\" decoding=\"async\" width=\"626\" height=\"601\" src=\"https:\/\/thermion.se\/wp-content\/uploads\/2024\/01\/25c9734a8c7587d4229aac1842a0a144.webp\" class=\"attachment-large size-large wp-image-4553\" alt=\"25c9734a8c7587d4229aac1842a0a144\" \/>\t\t\t\t\t\t\t\t\t\t\t\t\t\t\t<\/div>\n\t\t\t\t<\/div>\n\t\t\t\t\t<\/div>\n\t\t\t\t<\/div>\n\t\t\t\t<\/div>","protected":false},"excerpt":{"rendered":"<p>Visselbl\u00e5sning Varf\u00f6r visselbl\u00e5sa? P\u00e5 Thermion str\u00e4var vi efter att ha en \u00f6ppen och transparent arbetsplats, d\u00e4r missf\u00f6rh\u00e5llanden inte ska f\u00f6rekomma. Genom att erh\u00e5lla er m\u00f6jligheten att visselbl\u00e5sa uppr\u00e4tth\u00e5ller vi det tillsammans. Vi anv\u00e4nder Visslans visselbl\u00e5sarkanal som s\u00e4kerst\u00e4ller din anonymitet och h\u00f6g s\u00e4kerhet och som du n\u00e5r genom att klicka h\u00e4r: https:\/\/thermion.visslan-report.se\/\u00a0 \u00a0 Vem kan rapportera? [&hellip;]<\/p>\n","protected":false},"author":1,"featured_media":0,"parent":256,"menu_order":0,"comment_status":"closed","ping_status":"closed","template":"","meta":{"_acf_changed":false,"content-type":"","slim_seo":{"title":"Pilliin puhaltaminen - Thermion","description":"Miksi tehd\u00e4 ilmiantoja? Thermionissa pyrimme luomaan avoimen ja l\u00e4pin\u00e4kyv\u00e4n ty\u00f6paikan, jossa v\u00e4\u00e4rink\u00e4yt\u00f6ksi\u00e4 ei saisi tapahtua. Osoitteessa"},"footnotes":""},"class_list":["post-1726","page","type-page","status-publish","hentry"],"acf":[],"_links":{"self":[{"href":"https:\/\/thermion.se\/fi\/wp-json\/wp\/v2\/pages\/1726","targetHints":{"allow":["GET"]}}],"collection":[{"href":"https:\/\/thermion.se\/fi\/wp-json\/wp\/v2\/pages"}],"about":[{"href":"https:\/\/thermion.se\/fi\/wp-json\/wp\/v2\/types\/page"}],"author":[{"embeddable":true,"href":"https:\/\/thermion.se\/fi\/wp-json\/wp\/v2\/users\/1"}],"replies":[{"embeddable":true,"href":"https:\/\/thermion.se\/fi\/wp-json\/wp\/v2\/comments?post=1726"}],"version-history":[{"count":3,"href":"https:\/\/thermion.se\/fi\/wp-json\/wp\/v2\/pages\/1726\/revisions"}],"predecessor-version":[{"id":6215,"href":"https:\/\/thermion.se\/fi\/wp-json\/wp\/v2\/pages\/1726\/revisions\/6215"}],"up":[{"embeddable":true,"href":"https:\/\/thermion.se\/fi\/wp-json\/wp\/v2\/pages\/256"}],"wp:attachment":[{"href":"https:\/\/thermion.se\/fi\/wp-json\/wp\/v2\/media?parent=1726"}],"curies":[{"name":"wp","href":"https:\/\/api.w.org\/{rel}","templated":true}]}}