{"id":740,"date":"2023-12-11T15:07:48","date_gmt":"2023-12-11T14:07:48","guid":{"rendered":"https:\/\/thermion.cilla.enson.se\/?page_id=740"},"modified":"2025-05-02T15:52:47","modified_gmt":"2025-05-02T13:52:47","slug":"vi-loser-uppgiften","status":"publish","type":"page","link":"https:\/\/thermion.se\/en\/om-thermion\/vi-loser-uppgiften\/","title":{"rendered":"We solve the task"},"content":{"rendered":"\t\t<div data-elementor-type=\"wp-page\" data-elementor-id=\"740\" class=\"elementor elementor-740\" data-elementor-post-type=\"page\">\n\t\t\t\t<div class=\"elementor-element elementor-element-14278fb4 e-flex e-con-boxed e-con e-parent\" data-id=\"14278fb4\" data-element_type=\"container\" data-e-type=\"container\">\n\t\t\t\t\t<div class=\"e-con-inner\">\n\t\t\t\t<div class=\"elementor-element elementor-element-416e8f42 elementor-widget elementor-widget-text-editor\" data-id=\"416e8f42\" data-element_type=\"widget\" data-e-type=\"widget\" data-widget_type=\"text-editor.default\">\n\t\t\t\t<div class=\"elementor-widget-container\">\n\t\t\t\t\t\t\t\t\t\n<h2 class=\"wp-block-heading\">Vi str\u00e4var st\u00e4ndigt efter att f\u00f6rb\u00e4ttra v\u00e5ra projekt s\u00e5 att de utf\u00f6rs effektivt och samtidigt genererar v\u00e4rde f\u00f6r kunden och oss<\/h2>\n\n<p>Detta betyder att vi fokuserar p\u00e5 att skapa optimala l\u00f6sningar i alla sammanhang. Genom att inleda en n\u00e4ra dialog med v\u00e5ra kunder, kompetenta medarbetare och aff\u00e4rskontakter s\u00e5 tidigt som m\u00f6jligt i processen, s\u00e4kerst\u00e4ller vi en framg\u00e5ngsrik utveckling.<\/p>\n\n<p>En effektiv v\u00e4rme- eller kylisolering ger snabbt ekonomiska vinster. \u00c5terbetalningstiden p\u00e5 investeringar i teknisk isolering \u00e4r \u00f6verraskande kort och de ger \u00e4ven stora milj\u00f6vinster d\u00e4r CO2 utsl\u00e4pp kan reduceras v\u00e4sentligt. Valet av isoleringsmaterial varierar alltefter uppdragets natur, mediats och omgivningens temperatur samt var anl\u00e4ggningen befinner sig rent fysiskt. Det kan exempelvis handla om r\u00f6rinstallationer, kylrum, ventilation, kylanl\u00e4ggningar, fartyg och\/eller tankparker.<\/p>\n\n<p>Det \u00e4r ofta n\u00f6dv\u00e4ndigt med en ytbekl\u00e4dnad utanp\u00e5 isoleringen b\u00e5de f\u00f6r en \u00f6kad h\u00e5llbarhet och eventuella tekniska krav, hygienkrav, yttre omst\u00e4ndigheter mm. men inte minst \u00e4ven av estetiska sk\u00e4l Det finns olika former av material till ytbekl\u00e4dnad s\u00e5som plastpl\u00e5t, st\u00e5lpl\u00e5t, aluminiumpl\u00e5t, rostfri pl\u00e5t, lackad pl\u00e5t mm. Pl\u00e5tdetaljerna tillverkar vi med stor precision i v\u00e5r pl\u00e5tverkstad som \u00e4r utrustad med en toppmodern maskinpark f\u00f6r tunnpl\u00e5tsbearbetning.<\/p>\n\n<p>Vi vill g\u00f6ra det enkelt f\u00f6r dig och tar oss an allt fr\u00e5n projektering och dimensionering till utf\u00f6randet av montaget oavsett om det handlar om en nybyggnation, ombyggnation, renovering eller l\u00f6pande underh\u00e5ll. I samarbete med v\u00e5ra kunder finner vi de optimala l\u00f6sningarna till de utmaningar vi st\u00e4lls inf\u00f6r. V\u00e5ra effektiva och kompetenta avdelningar s\u00e4krar att entreprenaden utf\u00f6rs p\u00e5 avtalad tid med kvalitet och till r\u00e4tt pris.<\/p>\n\n<h2 class=\"wp-block-heading\">Industriisolering<\/h2>\n\n<p><strong>Inom segmentet industriisolering samlar vi v\u00e5ra uppdrag f\u00f6r industrin. Dessa omfattar energi samt skyddsisolering &#8211; oftast med en ytbekl\u00e4dnad av pl\u00e5t.<\/strong><\/p>\n\n<p>Vi isolerar r\u00f6r och utrustning p\u00e5 kraftv\u00e4rmeanl\u00e4ggningar, inom process- samt tillverkningsindustrin. Uppdragen omfattar allt fr\u00e5n kompletta isoleringsentreprenader vid stora investeringar i pannor, processutrustning, petrokemiska anl\u00e4ggningar, biogas etc. till att vara en flexibel partner vid sm\u00e5 och snabba uppdrag och l\u00f6pande underh\u00e5ll ute hos v\u00e5ra kunder.<\/p>\n\t\t\t\t\t\t\t\t<\/div>\n\t\t\t\t<\/div>\n\t\t<div class=\"elementor-element elementor-element-cad7cd9 e-flex e-con-boxed e-con e-child\" data-id=\"cad7cd9\" data-element_type=\"container\" data-e-type=\"container\">\n\t\t\t\t\t<div class=\"e-con-inner\">\n\t\t\t\t<div class=\"elementor-element elementor-element-816bd61 bild-container elementor-widget elementor-widget-image\" data-id=\"816bd61\" data-element_type=\"widget\" data-e-type=\"widget\" data-widget_type=\"image.default\">\n\t\t\t\t<div class=\"elementor-widget-container\">\n\t\t\t\t\t\t\t\t\t\t\t\t\t\t\t<img fetchpriority=\"high\" decoding=\"async\" width=\"800\" height=\"534\" src=\"https:\/\/thermion.se\/wp-content\/uploads\/2023\/12\/9b18b2cde159f10260eb256b4013682c-1920x12821-1.webp\" class=\"attachment-large size-large wp-image-936\" alt=\"Blir l\u00e4rling\" \/>\t\t\t\t\t\t\t\t\t\t\t\t\t\t\t<\/div>\n\t\t\t\t<\/div>\n\t\t\t\t<div class=\"elementor-element elementor-element-89dee3c bild-container elementor-widget elementor-widget-image\" data-id=\"89dee3c\" data-element_type=\"widget\" data-e-type=\"widget\" data-widget_type=\"image.default\">\n\t\t\t\t<div class=\"elementor-widget-container\">\n\t\t\t\t\t\t\t\t\t\t\t\t\t\t\t<img decoding=\"async\" width=\"800\" height=\"450\" src=\"https:\/\/thermion.se\/wp-content\/uploads\/2023\/12\/Blatt-vatten.webp\" class=\"attachment-large size-large wp-image-440\" alt=\"Bl\u00e5tt vatten\" \/>\t\t\t\t\t\t\t\t\t\t\t\t\t\t\t<\/div>\n\t\t\t\t<\/div>\n\t\t\t\t<div class=\"elementor-element elementor-element-9b51212 bild-container elementor-widget elementor-widget-image\" data-id=\"9b51212\" data-element_type=\"widget\" data-e-type=\"widget\" data-widget_type=\"image.default\">\n\t\t\t\t<div class=\"elementor-widget-container\">\n\t\t\t\t\t\t\t\t\t\t\t\t\t\t\t<img decoding=\"async\" width=\"800\" height=\"534\" src=\"https:\/\/thermion.se\/wp-content\/uploads\/2023\/12\/Oppefra-800x534-11.webp\" class=\"attachment-large size-large wp-image-1874\" alt=\"Oppefra 800x534 1[1]\" \/>\t\t\t\t\t\t\t\t\t\t\t\t\t\t\t<\/div>\n\t\t\t\t<\/div>\n\t\t\t\t\t<\/div>\n\t\t\t\t<\/div>\n\t\t\t\t<div class=\"elementor-element elementor-element-38d2983 button elementor-align-left elementor-widget elementor-widget-button\" data-id=\"38d2983\" data-element_type=\"widget\" data-e-type=\"widget\" data-widget_type=\"button.default\">\n\t\t\t\t<div class=\"elementor-widget-container\">\n\t\t\t\t\t\t\t\t\t<div class=\"elementor-button-wrapper\">\n\t\t\t\t\t<a class=\"elementor-button elementor-button-link elementor-size-sm elementor-animation-grow\" href=\"https:\/\/thermion.se\/kontakta-oss\/\">\n\t\t\t\t\t\t<span class=\"elementor-button-content-wrapper\">\n\t\t\t\t\t\t\t\t\t<span class=\"elementor-button-text\">Kontakta oss<\/span>\n\t\t\t\t\t<\/span>\n\t\t\t\t\t<\/a>\n\t\t\t\t<\/div>\n\t\t\t\t\t\t\t\t<\/div>\n\t\t\t\t<\/div>\n\t\t\t\t\t<\/div>\n\t\t\t\t<\/div>\n\t\t\t\t<\/div>\n\t\t","protected":false},"excerpt":{"rendered":"<p>Vi str\u00e4var st\u00e4ndigt efter att f\u00f6rb\u00e4ttra v\u00e5ra projekt s\u00e5 att de utf\u00f6rs effektivt och samtidigt genererar v\u00e4rde f\u00f6r kunden och oss Detta betyder att vi fokuserar p\u00e5 att skapa optimala l\u00f6sningar i alla sammanhang. Genom att inleda en n\u00e4ra dialog med v\u00e5ra kunder, kompetenta medarbetare och aff\u00e4rskontakter s\u00e5 tidigt som m\u00f6jligt i processen, s\u00e4kerst\u00e4ller vi [&hellip;]<\/p>\n","protected":false},"author":1,"featured_media":0,"parent":255,"menu_order":0,"comment_status":"closed","ping_status":"closed","template":"","meta":{"_acf_changed":false,"content-type":"","slim_seo":{"title":"We solve the task - Thermion","description":"We constantly strive to improve our projects so that they are executed efficiently while generating value for the client and us."},"footnotes":""},"class_list":["post-740","page","type-page","status-publish","hentry"],"acf":[],"_links":{"self":[{"href":"https:\/\/thermion.se\/en\/wp-json\/wp\/v2\/pages\/740","targetHints":{"allow":["GET"]}}],"collection":[{"href":"https:\/\/thermion.se\/en\/wp-json\/wp\/v2\/pages"}],"about":[{"href":"https:\/\/thermion.se\/en\/wp-json\/wp\/v2\/types\/page"}],"author":[{"embeddable":true,"href":"https:\/\/thermion.se\/en\/wp-json\/wp\/v2\/users\/1"}],"replies":[{"embeddable":true,"href":"https:\/\/thermion.se\/en\/wp-json\/wp\/v2\/comments?post=740"}],"version-history":[{"count":0,"href":"https:\/\/thermion.se\/en\/wp-json\/wp\/v2\/pages\/740\/revisions"}],"up":[{"embeddable":true,"href":"https:\/\/thermion.se\/en\/wp-json\/wp\/v2\/pages\/255"}],"wp:attachment":[{"href":"https:\/\/thermion.se\/en\/wp-json\/wp\/v2\/media?parent=740"}],"curies":[{"name":"wp","href":"https:\/\/api.w.org\/{rel}","templated":true}]}}