{"id":739,"date":"2023-12-11T15:07:48","date_gmt":"2023-12-11T14:07:48","guid":{"rendered":"https:\/\/thermion.cilla.enson.se\/?page_id=739"},"modified":"2024-01-13T15:09:52","modified_gmt":"2024-01-13T14:09:52","slug":"historia","status":"publish","type":"page","link":"https:\/\/thermion.se\/en\/om-thermion\/historia\/","title":{"rendered":"History"},"content":{"rendered":"<div data-elementor-type=\"wp-page\" data-elementor-id=\"739\" class=\"elementor elementor-739\" data-elementor-post-type=\"page\">\n\t\t\t\t<div class=\"elementor-element elementor-element-7685a002 e-flex e-con-boxed e-con e-parent\" data-id=\"7685a002\" data-element_type=\"container\" data-e-type=\"container\">\n\t\t\t\t\t<div class=\"e-con-inner\">\n\t\t\t\t<div class=\"elementor-element elementor-element-5b3bae9c elementor-widget elementor-widget-text-editor\" data-id=\"5b3bae9c\" data-element_type=\"widget\" data-e-type=\"widget\" data-widget_type=\"text-editor.default\">\n\t\t\t\t<div class=\"elementor-widget-container\">\n\t\t\t\t\t\t\t\t\t\n<h2 class=\"wp-block-heading\">Thermion: an amazing growth adventure over 40 years<\/h2>\n\n<p>Thermion has its origins in Norisol A\/S, which was started in Boeslunde on 1 May 1977 by Bent Mortensen. The plan then was for the company to be a small local insulation business with 20-25 employees, working with the local power stations and refineries in Sk\u00e6lsk\u00f8r and Kalundborg.<\/p>\n\n<p>However, the business quickly experienced growing pains and before long we had a staff of around 100 people and the market covered the whole of Denmark. The premises became too small and we decided to move to new, larger premises at Industrivej 33 in Sk\u00e6lsk\u00f8r.<\/p>\n\n<p>The business then grew rapidly during the 1980s and 1990s and a number of acquisitions of companies in Denmark, Sweden and Norway were made. As a result, Norisol became a major player in the Scandinavian market with 1200 employees and a turnover of over DKK 1 billion.<\/p>\n\n<p>In 2017, the Norwegian company was sold and new investors bought Norisol in 2018. Then Per Christensen, via the family-owned company MS2 invest, became our main owner. Then we were about 700 employees in Denmark and Sweden working in the market areas of energy, industry, marine and construction.<\/p>\n\n<p>In 2020, the Swedish part, NS Norisol Sverige AB, was purchased by Mimir Invest. NS Norisol Sverige AB has thus changed its name to Thermion and was separated from Norisol into an independent company in 2021. Thermion's 175 employees are distributed in 15 offices from Malm\u00f6 in the south to Kiruna in the north. Together with our new owners, our work in HVAC, energy efficiency and the industrial sector continues and we continue our efforts to develop and refine our offer according to our customers' needs and interests.<\/p>\n\t\t\t\t\t\t\t\t<\/div>\n\t\t\t\t<\/div>\n\t\t\t\t\t<\/div>\n\t\t\t\t<\/div>\n\t\t\t\t<\/div>","protected":false},"excerpt":{"rendered":"<p>Thermion: ett fantastiskt tillv\u00e4xt-\u00e4ventyr under 40 \u00e5r Thermion har sitt ursprung i Norisol A\/S som startade i Boeslunde 1. maj 1977 av Bent Mortensen. Planen d\u00e5 var att f\u00f6retaget skulle vara en liten lokal isoleringsverksamhet med 20-25 anst\u00e4llda, och att dessa skulle arbeta mot de lokala kraftverken och raffinaderierna i Sk\u00e6lsk\u00f8r och Kalundborg. Verksamheten fick [&hellip;]<\/p>\n","protected":false},"author":1,"featured_media":0,"parent":255,"menu_order":0,"comment_status":"closed","ping_status":"closed","template":"","meta":{"_acf_changed":false,"content-type":"","slim_seo":{"title":"History - Thermion","description":"Thermion: a fantastic growth adventure over 40 years Thermion has its origins in Norisol A\/S, which was started in Boeslunde on 1 May 1977 by Bent Mortensen. The plan was to"},"footnotes":""},"class_list":["post-739","page","type-page","status-publish","hentry"],"acf":[],"_links":{"self":[{"href":"https:\/\/thermion.se\/en\/wp-json\/wp\/v2\/pages\/739","targetHints":{"allow":["GET"]}}],"collection":[{"href":"https:\/\/thermion.se\/en\/wp-json\/wp\/v2\/pages"}],"about":[{"href":"https:\/\/thermion.se\/en\/wp-json\/wp\/v2\/types\/page"}],"author":[{"embeddable":true,"href":"https:\/\/thermion.se\/en\/wp-json\/wp\/v2\/users\/1"}],"replies":[{"embeddable":true,"href":"https:\/\/thermion.se\/en\/wp-json\/wp\/v2\/comments?post=739"}],"version-history":[{"count":0,"href":"https:\/\/thermion.se\/en\/wp-json\/wp\/v2\/pages\/739\/revisions"}],"up":[{"embeddable":true,"href":"https:\/\/thermion.se\/en\/wp-json\/wp\/v2\/pages\/255"}],"wp:attachment":[{"href":"https:\/\/thermion.se\/en\/wp-json\/wp\/v2\/media?parent=739"}],"curies":[{"name":"wp","href":"https:\/\/api.w.org\/{rel}","templated":true}]}}