{"id":5957,"date":"2025-01-22T08:35:00","date_gmt":"2025-01-22T07:35:00","guid":{"rendered":"https:\/\/thermion.se\/?page_id=5957"},"modified":"2025-01-22T08:40:08","modified_gmt":"2025-01-22T07:40:08","slug":"vardagshjaltar","status":"publish","type":"page","link":"https:\/\/thermion.se\/en\/vardagshjaltar\/","title":{"rendered":"Everyday heroes"},"content":{"rendered":"\t\t<div data-elementor-type=\"wp-page\" data-elementor-id=\"5957\" class=\"elementor elementor-5957\" data-elementor-post-type=\"page\">\n\t\t\t\t<div class=\"elementor-element elementor-element-4b98564 e-flex e-con-boxed e-con e-parent\" data-id=\"4b98564\" data-element_type=\"container\" data-e-type=\"container\">\n\t\t\t\t\t<div class=\"e-con-inner\">\n\t\t\t\t<div class=\"elementor-element elementor-element-3bbc4c6 elementor-widget elementor-widget-heading\" data-id=\"3bbc4c6\" data-element_type=\"widget\" data-e-type=\"widget\" data-widget_type=\"heading.default\">\n\t\t\t\t<div class=\"elementor-widget-container\">\n\t\t\t\t\t<h2 class=\"elementor-heading-title elementor-size-default\">Vardagshj\u00e4ltar<\/h2>\t\t\t\t<\/div>\n\t\t\t\t<\/div>\n\t\t\t\t<div class=\"elementor-element elementor-element-891181f elementor-widget elementor-widget-text-editor\" data-id=\"891181f\" data-element_type=\"widget\" data-e-type=\"widget\" data-widget_type=\"text-editor.default\">\n\t\t\t\t<div class=\"elementor-widget-container\">\n\t\t\t\t\t\t\t\t\t<p>V\u00e5rt arbete handlar inte bara om tekniska detaljer utan om att skapa en osynlig men oumb\u00e4rlig l\u00f6sning som g\u00f6r vardagen smidig f\u00f6r oss alla. V\u00e5rt arbete str\u00e4cker sig bortom att bara vara tekniska experter, installat\u00f6rer och mont\u00f6rer \u2013 det handlar om att vara en del av varje m\u00e4nniskas vardag och att g\u00f6ra denna bekv\u00e4m och h\u00e5llbar.<\/p><p>Utan v\u00e5rt arbete hade arbete via webben blivit lidande d\u00e5 serverhallarna hade blivit \u00f6verhettade, inget mj\u00f6lkpaket hade st\u00e5tt p\u00e5 frukostbordet om inte pappersbruken f\u00e5tt en fungerande isolering, och simhallarna dit vi tar v\u00e5ra barn p\u00e5 helgerna hade varit st\u00e4ngda om inte r\u00e4tt klimat s\u00e4kerst\u00e4llts med hj\u00e4lp av isolering.<\/p>\t\t\t\t\t\t\t\t<\/div>\n\t\t\t\t<\/div>\n\t\t\t\t<div class=\"elementor-element elementor-element-d0dbf8c elementor-widget-divider--view-line elementor-widget elementor-widget-divider\" data-id=\"d0dbf8c\" data-element_type=\"widget\" data-e-type=\"widget\" data-widget_type=\"divider.default\">\n\t\t\t\t<div class=\"elementor-widget-container\">\n\t\t\t\t\t\t\t<div class=\"elementor-divider\">\n\t\t\t<span class=\"elementor-divider-separator\">\n\t\t\t\t\t\t<\/span>\n\t\t<\/div>\n\t\t\t\t\t\t<\/div>\n\t\t\t\t<\/div>\n\t\t\t\t<div class=\"elementor-element elementor-element-256edcf elementor-grid-3 elementor-grid-tablet-2 elementor-grid-mobile-1 elementor-widget elementor-widget-loop-grid\" data-id=\"256edcf\" data-element_type=\"widget\" data-e-type=\"widget\" data-settings=\"{&quot;template_id&quot;:2700,&quot;pagination_type&quot;:&quot;numbers&quot;,&quot;pagination_load_type&quot;:&quot;ajax&quot;,&quot;_skin&quot;:&quot;post&quot;,&quot;columns&quot;:&quot;3&quot;,&quot;columns_tablet&quot;:&quot;2&quot;,&quot;columns_mobile&quot;:&quot;1&quot;,&quot;edit_handle_selector&quot;:&quot;[data-elementor-type=\\&quot;loop-item\\&quot;]&quot;,&quot;row_gap&quot;:{&quot;unit&quot;:&quot;px&quot;,&quot;size&quot;:&quot;&quot;,&quot;sizes&quot;:[]},&quot;row_gap_tablet&quot;:{&quot;unit&quot;:&quot;px&quot;,&quot;size&quot;:&quot;&quot;,&quot;sizes&quot;:[]},&quot;row_gap_mobile_extra&quot;:{&quot;unit&quot;:&quot;px&quot;,&quot;size&quot;:&quot;&quot;,&quot;sizes&quot;:[]},&quot;row_gap_mobile&quot;:{&quot;unit&quot;:&quot;px&quot;,&quot;size&quot;:&quot;&quot;,&quot;sizes&quot;:[]}}\" data-widget_type=\"loop-grid.post\">\n\t\t\t\t<div class=\"elementor-widget-container\">\n\t\t\t\t\t\t\t<div class=\"e-loop-nothing-found-message\">\n\t\t<\/div>\n\t\t\t\t\t\t<\/div>\n\t\t\t\t<\/div>\n\t\t\t\t\t<\/div>\n\t\t\t\t<\/div>\n\t\t\t\t<\/div>\n\t\t","protected":false},"excerpt":{"rendered":"<p>Vardagshj\u00e4ltar V\u00e5rt arbete handlar inte bara om tekniska detaljer utan om att skapa en osynlig men oumb\u00e4rlig l\u00f6sning som g\u00f6r vardagen smidig f\u00f6r oss alla. V\u00e5rt arbete str\u00e4cker sig bortom att bara vara tekniska experter, installat\u00f6rer och mont\u00f6rer \u2013 det handlar om att vara en del av varje m\u00e4nniskas vardag och att g\u00f6ra denna bekv\u00e4m [&hellip;]<\/p>\n","protected":false},"author":1,"featured_media":0,"parent":0,"menu_order":0,"comment_status":"closed","ping_status":"closed","template":"","meta":{"_acf_changed":false,"content-type":"","slim_seo":{"title":"Everyday heroes - Thermion","description":"Everyday heroes Our work is not just about technical details, but about creating an invisible but indispensable solution that makes everyday life easier for all of us. Our"},"footnotes":""},"class_list":["post-5957","page","type-page","status-publish","hentry"],"acf":[],"_links":{"self":[{"href":"https:\/\/thermion.se\/en\/wp-json\/wp\/v2\/pages\/5957","targetHints":{"allow":["GET"]}}],"collection":[{"href":"https:\/\/thermion.se\/en\/wp-json\/wp\/v2\/pages"}],"about":[{"href":"https:\/\/thermion.se\/en\/wp-json\/wp\/v2\/types\/page"}],"author":[{"embeddable":true,"href":"https:\/\/thermion.se\/en\/wp-json\/wp\/v2\/users\/1"}],"replies":[{"embeddable":true,"href":"https:\/\/thermion.se\/en\/wp-json\/wp\/v2\/comments?post=5957"}],"version-history":[{"count":0,"href":"https:\/\/thermion.se\/en\/wp-json\/wp\/v2\/pages\/5957\/revisions"}],"wp:attachment":[{"href":"https:\/\/thermion.se\/en\/wp-json\/wp\/v2\/media?parent=5957"}],"curies":[{"name":"wp","href":"https:\/\/api.w.org\/{rel}","templated":true}]}}