{"id":5339,"date":"2024-06-25T09:06:14","date_gmt":"2024-06-25T07:06:14","guid":{"rendered":"https:\/\/thermion.se\/?page_id=5339"},"modified":"2025-05-02T15:52:39","modified_gmt":"2025-05-02T13:52:39","slug":"vara-varderingar","status":"publish","type":"page","link":"https:\/\/thermion.se\/en\/vara-varderingar\/","title":{"rendered":"Our values"},"content":{"rendered":"<div data-elementor-type=\"wp-page\" data-elementor-id=\"5339\" class=\"elementor elementor-5339\" data-elementor-post-type=\"page\">\n\t\t\t\t<div class=\"elementor-element elementor-element-724e1371 e-flex e-con-boxed e-con e-parent\" data-id=\"724e1371\" data-element_type=\"container\" data-e-type=\"container\">\n\t\t\t\t\t<div class=\"e-con-inner\">\n\t\t\t\t<div class=\"elementor-element elementor-element-a00089e elementor-widget elementor-widget-heading\" data-id=\"a00089e\" data-element_type=\"widget\" data-e-type=\"widget\" data-widget_type=\"heading.default\">\n\t\t\t\t<div class=\"elementor-widget-container\">\n\t\t\t\t\t<h2 class=\"elementor-heading-title elementor-size-default\">Our values<\/h2>\t\t\t\t<\/div>\n\t\t\t\t<\/div>\n\t\t\t\t<div class=\"elementor-element elementor-element-39e685bd elementor-widget elementor-widget-text-editor\" data-id=\"39e685bd\" data-element_type=\"widget\" data-e-type=\"widget\" data-widget_type=\"text-editor.default\">\n\t\t\t\t<div class=\"elementor-widget-container\">\n\t\t\t\t\t\t\t\t\t\n<p>Thermion's values have been developed together with all employees. The basic idea is that all employees, regardless of position, should be able to make their own decisions in line with our strategy and values. The values shape our culture, the way we relate to each other and how we build relationships. It is in our behaviours and actions that we can make a difference for a better everyday life and a greener world.<\/p>\n\t\t\t\t\t\t\t\t<\/div>\n\t\t\t\t<\/div>\n\t\t\t\t\t<\/div>\n\t\t\t\t<\/div>\n\t\t<div class=\"elementor-element elementor-element-1d31e6c e-flex e-con-boxed e-con e-parent\" data-id=\"1d31e6c\" data-element_type=\"container\" data-e-type=\"container\">\n\t\t\t\t\t<div class=\"e-con-inner\">\n\t\t\t\t<div class=\"elementor-element elementor-element-9f0236e elementor-widget elementor-widget-image\" data-id=\"9f0236e\" data-element_type=\"widget\" data-e-type=\"widget\" data-no-translation=\"\" data-widget_type=\"image.default\">\n\t\t\t\t<div class=\"elementor-widget-container\">\n\t\t\t\t\t<style>.elementor-element-9f0236e{display:none !important}<\/style>\t\t\t\t<\/div>\n\t\t\t\t<\/div>\n\t\t\t\t<div class=\"elementor-element elementor-element-eff0f74 elementor-widget elementor-widget-image\" data-id=\"eff0f74\" data-element_type=\"widget\" data-e-type=\"widget\" data-no-translation=\"\" data-widget_type=\"image.default\">\n\t\t\t\t<div class=\"elementor-widget-container\">\n\t\t\t\t\t\t\t\t\t\t\t\t\t\t\t<img fetchpriority=\"high\" decoding=\"async\" width=\"800\" height=\"278\" src=\"https:\/\/thermion.se\/wp-content\/uploads\/2024\/08\/ENGLISH-VERSION-e1723539935744.webp\" class=\"attachment-large size-large wp-image-5377\" alt=\"ENGLISH VERSION\" \/>\t\t\t\t\t\t\t\t\t\t\t\t\t\t\t<\/div>\n\t\t\t\t<\/div>\n\t\t\t\t\t<\/div>\n\t\t\t\t<\/div>\n\t\t<div class=\"elementor-element elementor-element-41c30cb e-flex e-con-boxed e-con e-parent\" data-id=\"41c30cb\" data-element_type=\"container\" data-e-type=\"container\">\n\t\t\t\t\t<div class=\"e-con-inner\">\n\t\t\t\t<div class=\"elementor-element elementor-element-b23f719 elementor-widget elementor-widget-text-editor\" data-id=\"b23f719\" data-element_type=\"widget\" data-e-type=\"widget\" data-no-translation=\"\" data-widget_type=\"text-editor.default\">\n\t\t\t\t<div class=\"elementor-widget-container\">\n\t\t\t\t\t<style>.elementor-element-b23f719{display:none !important}<\/style>\t\t\t\t<\/div>\n\t\t\t\t<\/div>\n\t\t\t\t<div class=\"elementor-element elementor-element-b8bd4f5 elementor-widget elementor-widget-text-editor\" data-id=\"b8bd4f5\" data-element_type=\"widget\" data-e-type=\"widget\" data-no-translation=\"\" data-widget_type=\"text-editor.default\">\n\t\t\t\t<div class=\"elementor-widget-container\">\n\t\t\t\t\t\t\t\t\t\n<p>\u2022We are\u00a0<b>SUPPORTIVE<\/b>:\u00a0We empower each other and our partners through expertise and advice<\/p>\n<p><\/p>\n<p>\u2022We are <b>ACCOUNTABLE<\/b>:\u00a0We take responsibility for a sustainable society<\/p>\n<p><\/p>\n<p>\u2022We are <strong>FORWARD-LEANING:<\/strong> We are fuelled by curiosity, new thinking and innovation<\/p>\n<p><\/p>\n<p>\u2022We are\u00a0<b>ENGAGED<\/b>: We are proactive everyday-heroes who perform together, with the customer at the centre<\/p>\n<p><\/p>\n<p>We are\u00a0<strong>SAFE<\/strong> &#8211;\u00a0as an employer, as colleagues and as a supplier<\/p>\n\t\t\t\t\t\t\t\t<\/div>\n\t\t\t\t<\/div>\n\t\t\t\t\t<\/div>\n\t\t\t\t<\/div>\n\t\t\t\t<\/div>","protected":false},"excerpt":{"rendered":"<p>V\u00e5ra v\u00e4rderingar Thermions v\u00e4rderingar har tagits fram tillsammans med alla medarbetare. Grundtanken \u00e4r att alla medarbetare, oavsett befattning, ska kunna fatta egna beslut i linje med v\u00e5r strategi och v\u00e4rdegrund. V\u00e4rderingarna formar v\u00e5r kultur, s\u00e4ttet vi f\u00f6rh\u00e5ller oss till varandra och hur vi bygger relationer. Det \u00e4r i v\u00e5ra beteenden och ageranden vi kan g\u00f6ra [&hellip;]<\/p>\n","protected":false},"author":1,"featured_media":440,"parent":0,"menu_order":0,"comment_status":"closed","ping_status":"closed","template":"","meta":{"_acf_changed":false,"content-type":"","slim_seo":{"title":"Our values - Thermion","description":"Our values Thermion's values have been developed together with all employees. The basic idea is that all employees, regardless of position, should be able to"},"footnotes":""},"class_list":["post-5339","page","type-page","status-publish","has-post-thumbnail","hentry"],"acf":[],"_links":{"self":[{"href":"https:\/\/thermion.se\/en\/wp-json\/wp\/v2\/pages\/5339","targetHints":{"allow":["GET"]}}],"collection":[{"href":"https:\/\/thermion.se\/en\/wp-json\/wp\/v2\/pages"}],"about":[{"href":"https:\/\/thermion.se\/en\/wp-json\/wp\/v2\/types\/page"}],"author":[{"embeddable":true,"href":"https:\/\/thermion.se\/en\/wp-json\/wp\/v2\/users\/1"}],"replies":[{"embeddable":true,"href":"https:\/\/thermion.se\/en\/wp-json\/wp\/v2\/comments?post=5339"}],"version-history":[{"count":0,"href":"https:\/\/thermion.se\/en\/wp-json\/wp\/v2\/pages\/5339\/revisions"}],"wp:featuredmedia":[{"embeddable":true,"href":"https:\/\/thermion.se\/en\/wp-json\/wp\/v2\/media\/440"}],"wp:attachment":[{"href":"https:\/\/thermion.se\/en\/wp-json\/wp\/v2\/media?parent=5339"}],"curies":[{"name":"wp","href":"https:\/\/api.w.org\/{rel}","templated":true}]}}