{"id":257,"date":"2023-12-10T13:24:47","date_gmt":"2023-12-10T13:24:47","guid":{"rendered":"https:\/\/thermion.cilla.enson.se\/?page_id=257"},"modified":"2025-05-02T15:52:50","modified_gmt":"2025-05-02T13:52:50","slug":"karriar","status":"publish","type":"page","link":"https:\/\/thermion.se\/en\/karriar\/","title":{"rendered":"Careers"},"content":{"rendered":"<div data-elementor-type=\"wp-page\" data-elementor-id=\"257\" class=\"elementor elementor-257\" data-elementor-post-type=\"page\">\n\t\t\t\t<div class=\"elementor-element elementor-element-72d772fa e-flex e-con-boxed e-con e-parent\" data-id=\"72d772fa\" data-element_type=\"container\" data-e-type=\"container\" data-settings=\"{&quot;background_background&quot;:&quot;classic&quot;}\">\n\t\t\t\t\t<div class=\"e-con-inner\">\n\t\t\t\t<div class=\"elementor-element elementor-element-4f146da4 elementor-widget elementor-widget-text-editor\" data-id=\"4f146da4\" data-element_type=\"widget\" data-e-type=\"widget\" data-widget_type=\"text-editor.default\">\n\t\t\t\t<div class=\"elementor-widget-container\">\n\t\t\t\t\t\t\t\t\t\n<h2 class=\"wp-block-heading\">Enjoy an exciting career at Thermion<\/h2>\n\n<p>Do you dream of a career in a company that rewards and challenges its talented people? Do you want to be able to work internationally and continuously develop skills?<\/p>\n\n<h2 class=\"wp-block-heading\">Focus on employees<\/h2>\n\n<p>We are a company that acts professionally towards customers and is a good workplace that we are proud of and where we are really good at helping each other. The individual employee has the direct responsibility for his\/her own tasks and thus a joint responsibility for the whole work - a basic principle of freedom under responsibility. Including that the individual experiences confidence in what he\/she does and that the individual knows how others\/management see the efforts the individual gives. Every employee and manager enjoys and experiences peace of mind and perspective in their working life, that there is respect for their work and that everyone experiences openness, understanding, trust and respect in everyday life. That there is room for differences and that the individual is heard.<\/p>\n\n<h2 class=\"wp-block-heading\">Education and training<\/h2>\n\n<p>Our most important resource is our specially trained staff, which we constantly update with relevant courses. The training of our employees allows us to streamline project management, increase flexibility and minimise costs for our clients.<\/p>\n\n<h2 class=\"wp-block-heading\">Good leaders<\/h2>\n\n<p>At Thermion we have adopted some principles of good management. They are an important part of good management practice and a necessary condition for Thermion to develop as a dynamic and market-leading company.<\/p>\n\t\t\t\t\t\t\t\t<\/div>\n\t\t\t\t<\/div>\n\t\t\t\t<div class=\"elementor-element elementor-element-5611a04 bild-container elementor-widget elementor-widget-image\" data-id=\"5611a04\" data-element_type=\"widget\" data-e-type=\"widget\" data-widget_type=\"image.default\">\n\t\t\t\t<div class=\"elementor-widget-container\">\n\t\t\t\t\t\t\t\t\t\t\t\t\t\t\t<img fetchpriority=\"high\" decoding=\"async\" width=\"800\" height=\"534\" src=\"https:\/\/thermion.se\/wp-content\/uploads\/2023\/12\/9b18b2cde159f10260eb256b4013682c-1920x12821-1.webp\" class=\"attachment-large size-large wp-image-936\" alt=\"Blir l\u00e4rling\" \/>\t\t\t\t\t\t\t\t\t\t\t\t\t\t\t<\/div>\n\t\t\t\t<\/div>\n\t\t\t\t<div class=\"elementor-element elementor-element-28ff697 button elementor-widget elementor-widget-button\" data-id=\"28ff697\" data-element_type=\"widget\" data-e-type=\"widget\" data-widget_type=\"button.default\">\n\t\t\t\t<div class=\"elementor-widget-container\">\n\t\t\t\t\t\t\t\t\t<div class=\"elementor-button-wrapper\">\n\t\t\t\t\t<a class=\"elementor-button elementor-button-link elementor-size-sm elementor-animation-grow\" href=\"https:\/\/thermion.se\/en\/karriar\/lediga-jobb\/\">\n\t\t\t\t\t\t<span class=\"elementor-button-content-wrapper\">\n\t\t\t\t\t\t\t\t\t<span class=\"elementor-button-text\">Job vacancies<\/span>\n\t\t\t\t\t<\/span>\n\t\t\t\t\t<\/a>\n\t\t\t\t<\/div>\n\t\t\t\t\t\t\t\t<\/div>\n\t\t\t\t<\/div>\n\t\t\t\t\t<\/div>\n\t\t\t\t<\/div>\n\t\t\t\t<\/div>","protected":false},"excerpt":{"rendered":"<p>F\u00e5 en sp\u00e4nnande karri\u00e4r hos Thermion Dr\u00f6mmer du om en karri\u00e4r i ett f\u00f6retag som bel\u00f6nar och utmanar sina beg\u00e5vade medarbetare? Vill du kunna arbeta internationellt och kontinuerligt utveckla kompetens? Fokus p\u00e5 anst\u00e4llda Vi \u00e4r ett f\u00f6retag som agerar professionellt mot kunderna och \u00e4r en bra arbetsplats som vi \u00e4r stolta \u00f6ver och d\u00e4r vi [&hellip;]<\/p>\n","protected":false},"author":1,"featured_media":0,"parent":0,"menu_order":0,"comment_status":"closed","ping_status":"closed","template":"","meta":{"_acf_changed":false,"content-type":"","slim_seo":{"facebook_image":"https:\/\/thermion.se\/wp-content\/uploads\/2023\/12\/9b18b2cde159f10260eb256b4013682c-1920x12821-1.jpeg","title":"Careers - Thermion","description":"Get an exciting career at Thermion Do you dream of a career in a company that rewards and challenges its talented employees? Do you want to be able to work internationally?"},"footnotes":""},"class_list":["post-257","page","type-page","status-publish","hentry"],"acf":[],"_links":{"self":[{"href":"https:\/\/thermion.se\/en\/wp-json\/wp\/v2\/pages\/257","targetHints":{"allow":["GET"]}}],"collection":[{"href":"https:\/\/thermion.se\/en\/wp-json\/wp\/v2\/pages"}],"about":[{"href":"https:\/\/thermion.se\/en\/wp-json\/wp\/v2\/types\/page"}],"author":[{"embeddable":true,"href":"https:\/\/thermion.se\/en\/wp-json\/wp\/v2\/users\/1"}],"replies":[{"embeddable":true,"href":"https:\/\/thermion.se\/en\/wp-json\/wp\/v2\/comments?post=257"}],"version-history":[{"count":0,"href":"https:\/\/thermion.se\/en\/wp-json\/wp\/v2\/pages\/257\/revisions"}],"wp:attachment":[{"href":"https:\/\/thermion.se\/en\/wp-json\/wp\/v2\/media?parent=257"}],"curies":[{"name":"wp","href":"https:\/\/api.w.org\/{rel}","templated":true}]}}