{"id":1749,"date":"2023-12-18T08:59:34","date_gmt":"2023-12-18T07:59:34","guid":{"rendered":"https:\/\/thermion.cilla.enson.se\/?page_id=1749"},"modified":"2024-01-16T21:31:18","modified_gmt":"2024-01-16T20:31:18","slug":"lediga-jobb","status":"publish","type":"page","link":"https:\/\/thermion.se\/en\/karriar\/lediga-jobb\/","title":{"rendered":"Job vacancies"},"content":{"rendered":"\t\t<div data-elementor-type=\"wp-page\" data-elementor-id=\"1749\" class=\"elementor elementor-1749\" data-elementor-post-type=\"page\">\n\t\t\t\t<div class=\"elementor-element elementor-element-99e1481 e-flex e-con-boxed e-con e-parent\" data-id=\"99e1481\" data-element_type=\"container\" data-e-type=\"container\">\n\t\t\t\t\t<div class=\"e-con-inner\">\n\t\t\t\t<div class=\"elementor-element elementor-element-b371843 elementor-widget elementor-widget-heading\" data-id=\"b371843\" data-element_type=\"widget\" data-e-type=\"widget\" data-widget_type=\"heading.default\">\n\t\t\t\t<div class=\"elementor-widget-container\">\n\t\t\t\t\t<h2 class=\"elementor-heading-title elementor-size-default\">Spontanans\u00f6k eller titta vad vi har f\u00f6r tj\u00e4nster ute just nu<\/h2>\t\t\t\t<\/div>\n\t\t\t\t<\/div>\n\t\t\t\t<div class=\"elementor-element elementor-element-9e9516f elementor-widget elementor-widget-text-editor\" data-id=\"9e9516f\" data-element_type=\"widget\" data-e-type=\"widget\" data-widget_type=\"text-editor.default\">\n\t\t\t\t<div class=\"elementor-widget-container\">\n\t\t\t\t\t\t\t\t\t<p>Thermion \u00e4r i sp\u00e4nnande utveckling och s\u00f6ker nu tekniskt kunniga projektledare f\u00f6r att driva projekt inom teknisk isolering. Du kommer sj\u00e4lv att forma din utveckling genom att p\u00e5verka vilka uppdrag just du vill arbeta med.\u00a0<\/p>\t\t\t\t\t\t\t\t<\/div>\n\t\t\t\t<\/div>\n\t\t\t\t<div class=\"elementor-element elementor-element-f711fb8 button elementor-align-left elementor-widget elementor-widget-button\" data-id=\"f711fb8\" data-element_type=\"widget\" data-e-type=\"widget\" data-widget_type=\"button.default\">\n\t\t\t\t<div class=\"elementor-widget-container\">\n\t\t\t\t\t\t\t\t\t<div class=\"elementor-button-wrapper\">\n\t\t\t\t\t<a class=\"elementor-button elementor-button-link elementor-size-sm elementor-animation-grow\" href=\"https:\/\/thermion.se\/en\/karriar\/bli-larling\/\">\n\t\t\t\t\t\t<span class=\"elementor-button-content-wrapper\">\n\t\t\t\t\t\t\t\t\t<span class=\"elementor-button-text\">Bli l\u00e4rling<\/span>\n\t\t\t\t\t<\/span>\n\t\t\t\t\t<\/a>\n\t\t\t\t<\/div>\n\t\t\t\t\t\t\t\t<\/div>\n\t\t\t\t<\/div>\n\t\t\t\t\t<\/div>\n\t\t\t\t<\/div>\n\t\t<div class=\"elementor-element elementor-element-f449be2 e-flex e-con-boxed e-con e-parent\" data-id=\"f449be2\" data-element_type=\"container\" data-e-type=\"container\">\n\t\t\t\t\t<div class=\"e-con-inner\">\n\t\t\t\t<div class=\"elementor-element elementor-element-cfb79c4 elementor-grid-1 elementor-grid-tablet-1 elementor-grid-mobile-1 elementor-widget elementor-widget-loop-grid\" data-id=\"cfb79c4\" data-element_type=\"widget\" data-e-type=\"widget\" data-settings=\"{&quot;template_id&quot;:&quot;3323&quot;,&quot;columns&quot;:1,&quot;columns_tablet&quot;:1,&quot;_skin&quot;:&quot;post&quot;,&quot;columns_mobile&quot;:&quot;1&quot;,&quot;edit_handle_selector&quot;:&quot;[data-elementor-type=\\&quot;loop-item\\&quot;]&quot;,&quot;row_gap&quot;:{&quot;unit&quot;:&quot;px&quot;,&quot;size&quot;:&quot;&quot;,&quot;sizes&quot;:[]},&quot;row_gap_tablet&quot;:{&quot;unit&quot;:&quot;px&quot;,&quot;size&quot;:&quot;&quot;,&quot;sizes&quot;:[]},&quot;row_gap_mobile_extra&quot;:{&quot;unit&quot;:&quot;px&quot;,&quot;size&quot;:&quot;&quot;,&quot;sizes&quot;:[]},&quot;row_gap_mobile&quot;:{&quot;unit&quot;:&quot;px&quot;,&quot;size&quot;:&quot;&quot;,&quot;sizes&quot;:[]}}\" data-widget_type=\"loop-grid.post\">\n\t\t\t\t<div class=\"elementor-widget-container\">\n\t\t\t\t\t\t\t<div class=\"elementor-loop-container elementor-grid\" role=\"list\">\n\t\t<style id=\"loop-3323\">.elementor-3323 .elementor-element.elementor-element-1b0d6bc{--display:flex;--flex-direction:row;--container-widget-width:initial;--container-widget-height:100%;--container-widget-flex-grow:1;--container-widget-align-self:stretch;--flex-wrap-mobile:wrap;--gap:20px 20px;--row-gap:20px;--column-gap:20px;--border-radius:0px 0px 0px 0px;box-shadow:0px 0px 30px 0px rgba(0, 0, 0, 0.1);--margin-top:0px;--margin-bottom:0px;--margin-left:0px;--margin-right:0px;--padding-top:0px;--padding-bottom:0px;--padding-left:0px;--padding-right:0px;}.elementor-3323 .elementor-element.elementor-element-1b0d6bc:not(.elementor-motion-effects-element-type-background), .elementor-3323 .elementor-element.elementor-element-1b0d6bc > .elementor-motion-effects-container > .elementor-motion-effects-layer{background-color:#FFFFFF;}.elementor-3323 .elementor-element.elementor-element-4f9c65c{--display:flex;--justify-content:center;--margin-top:0px;--margin-bottom:0px;--margin-left:0px;--margin-right:0px;--padding-top:25px;--padding-bottom:25px;--padding-left:25px;--padding-right:25px;}.elementor-widget-image .widget-image-caption{color:var( --e-global-color-text );font-family:var( --e-global-typography-text-font-family ), Sans-serif;font-size:var( --e-global-typography-text-font-size );font-weight:var( --e-global-typography-text-font-weight );line-height:var( --e-global-typography-text-line-height );}.elementor-3323 .elementor-element.elementor-element-8a9f09b img{width:450px;height:250px;object-fit:cover;object-position:center center;}.elementor-3323 .elementor-element.elementor-element-8a9f09b{width:auto;max-width:auto;}.elementor-3323 .elementor-element.elementor-element-8a9f09b.elementor-element{--align-self:flex-start;}.elementor-3323 .elementor-element.elementor-element-f840707{--display:flex;--justify-content:center;--align-items:flex-start;--container-widget-width:calc( ( 1 - var( --container-widget-flex-grow ) ) * 100% );--margin-top:0px;--margin-bottom:0px;--margin-left:0px;--margin-right:0px;--padding-top:25px;--padding-bottom:25px;--padding-left:25px;--padding-right:25px;}.elementor-widget-theme-post-title .elementor-heading-title{font-family:var( --e-global-typography-primary-font-family ), Sans-serif;font-size:var( --e-global-typography-primary-font-size );font-weight:var( --e-global-typography-primary-font-weight );line-height:var( --e-global-typography-primary-line-height );color:var( --e-global-color-primary );}.elementor-3323 .elementor-element.elementor-element-7c97b81 .elementor-heading-title{font-family:var( --e-global-typography-8a8cb84-font-family ), Sans-serif;font-size:var( --e-global-typography-8a8cb84-font-size );font-weight:var( --e-global-typography-8a8cb84-font-weight );line-height:var( --e-global-typography-8a8cb84-line-height );letter-spacing:var( --e-global-typography-8a8cb84-letter-spacing );word-spacing:var( --e-global-typography-8a8cb84-word-spacing );}.elementor-widget-text-editor{font-family:var( --e-global-typography-text-font-family ), Sans-serif;font-size:var( --e-global-typography-text-font-size );font-weight:var( --e-global-typography-text-font-weight );line-height:var( --e-global-typography-text-line-height );color:var( --e-global-color-text );}.elementor-widget-text-editor.elementor-drop-cap-view-stacked .elementor-drop-cap{background-color:var( --e-global-color-primary );}.elementor-widget-text-editor.elementor-drop-cap-view-framed .elementor-drop-cap, .elementor-widget-text-editor.elementor-drop-cap-view-default .elementor-drop-cap{color:var( --e-global-color-primary );border-color:var( --e-global-color-primary );}.elementor-3323 .elementor-element.elementor-element-471e7f8{font-family:\"Montserrat\", Sans-serif;font-size:clamp(0.8rem, 0.7414rem + 0.2759vw, 1rem);font-weight:500;line-height:1.2em;width:var( --container-widget-width, 90% );max-width:90%;--container-widget-width:90%;--container-widget-flex-grow:0;}.elementor-3323 .elementor-element.elementor-element-ae9f4b2{font-family:\"Montserrat\", Sans-serif;font-size:clamp(0.8rem, 0.7414rem + 0.2759vw, 1rem);font-weight:400;line-height:1.2em;width:var( --container-widget-width, 90% );max-width:90%;--container-widget-width:90%;--container-widget-flex-grow:0;}.elementor-widget-button .elementor-button{font-family:var( --e-global-typography-accent-font-family ), Sans-serif;font-size:var( --e-global-typography-accent-font-size );font-weight:var( --e-global-typography-accent-font-weight );line-height:var( --e-global-typography-accent-line-height );background-color:var( --e-global-color-accent );}.elementor-3323 .elementor-element.elementor-element-d7e8dc7 .elementor-button{font-family:\"Poppins\", Sans-serif;font-size:1rem;font-weight:600;line-height:1.2em;fill:var( --e-global-color-b751398 );color:var( --e-global-color-b751398 );background-color:var( --e-global-color-secondary );border-radius:0px 0px 0px 0px;}.elementor-3323 .elementor-element.elementor-element-d7e8dc7 .elementor-button:hover, .elementor-3323 .elementor-element.elementor-element-d7e8dc7 .elementor-button:focus{color:var( --e-global-color-b751398 );}.elementor-3323 .elementor-element.elementor-element-d7e8dc7 .elementor-button:hover svg, .elementor-3323 .elementor-element.elementor-element-d7e8dc7 .elementor-button:focus svg{fill:var( --e-global-color-b751398 );}.elementor-3323 .elementor-element.elementor-element-d7e8dc7 > .elementor-widget-container{padding:0px 0px 0px 0px;}@media(min-width:768px){.elementor-3323 .elementor-element.elementor-element-4f9c65c{--width:45%;}}@media(max-width:1024px){.elementor-3323 .elementor-element.elementor-element-4f9c65c{--justify-content:flex-start;}.elementor-widget-image .widget-image-caption{font-size:var( --e-global-typography-text-font-size );line-height:var( --e-global-typography-text-line-height );}.elementor-widget-theme-post-title .elementor-heading-title{font-size:var( --e-global-typography-primary-font-size );line-height:var( --e-global-typography-primary-line-height );}.elementor-3323 .elementor-element.elementor-element-7c97b81 .elementor-heading-title{font-size:var( --e-global-typography-8a8cb84-font-size );line-height:var( --e-global-typography-8a8cb84-line-height );letter-spacing:var( --e-global-typography-8a8cb84-letter-spacing );word-spacing:var( --e-global-typography-8a8cb84-word-spacing );}.elementor-widget-text-editor{font-size:var( --e-global-typography-text-font-size );line-height:var( --e-global-typography-text-line-height );}.elementor-3323 .elementor-element.elementor-element-471e7f8{font-size:clamp(0.8rem, 0.7414rem + 0.2759vw, 1rem);width:100%;max-width:100%;}.elementor-3323 .elementor-element.elementor-element-ae9f4b2{font-size:clamp(0.8rem, 0.7414rem + 0.2759vw, 1rem);width:100%;max-width:100%;}.elementor-widget-button .elementor-button{font-size:var( --e-global-typography-accent-font-size );line-height:var( --e-global-typography-accent-line-height );}}@media(max-width:880px){.elementor-3323 .elementor-element.elementor-element-4f9c65c{--justify-content:flex-start;}.elementor-3323 .elementor-element.elementor-element-ae9f4b2{width:100%;max-width:100%;}}@media(max-width:767px){.elementor-3323 .elementor-element.elementor-element-1b0d6bc{--gap:0px 0px;--row-gap:0px;--column-gap:0px;}.elementor-3323 .elementor-element.elementor-element-4f9c65c{--justify-content:center;--align-items:center;--container-widget-width:calc( ( 1 - var( --container-widget-flex-grow ) ) * 100% );--padding-top:10px;--padding-bottom:10px;--padding-left:10px;--padding-right:10px;}.elementor-widget-image .widget-image-caption{font-size:var( --e-global-typography-text-font-size );line-height:var( --e-global-typography-text-line-height );}.elementor-3323 .elementor-element.elementor-element-8a9f09b{text-align:center;}.elementor-3323 .elementor-element.elementor-element-8a9f09b img{height:160px;}.elementor-3323 .elementor-element.elementor-element-8a9f09b.elementor-element{--align-self:center;}.elementor-3323 .elementor-element.elementor-element-f840707{--padding-top:25px;--padding-bottom:25px;--padding-left:25px;--padding-right:25px;}.elementor-widget-theme-post-title .elementor-heading-title{font-size:var( --e-global-typography-primary-font-size );line-height:var( --e-global-typography-primary-line-height );}.elementor-3323 .elementor-element.elementor-element-7c97b81 .elementor-heading-title{font-size:var( --e-global-typography-8a8cb84-font-size );line-height:var( --e-global-typography-8a8cb84-line-height );letter-spacing:var( --e-global-typography-8a8cb84-letter-spacing );word-spacing:var( --e-global-typography-8a8cb84-word-spacing );}.elementor-widget-text-editor{font-size:var( --e-global-typography-text-font-size );line-height:var( --e-global-typography-text-line-height );}.elementor-3323 .elementor-element.elementor-element-471e7f8{font-size:clamp(0.8rem, 0.7414rem + 0.2759vw, 1rem);width:100%;max-width:100%;}.elementor-3323 .elementor-element.elementor-element-ae9f4b2{font-size:clamp(0.8rem, 0.7414rem + 0.2759vw, 1rem);width:100%;max-width:100%;}.elementor-widget-button .elementor-button{font-size:var( --e-global-typography-accent-font-size );line-height:var( --e-global-typography-accent-line-height );}}<\/style>\t\t<div data-elementor-type=\"loop-item\" data-elementor-id=\"3323\" class=\"elementor elementor-3323 e-loop-item e-loop-item-3341 post-3341 jobb type-jobb status-publish has-post-thumbnail hentry tag-halmstad tag-isoleringsplatslagare tag-tekniker\" data-elementor-post-type=\"elementor_library\" data-custom-edit-handle=\"1\">\n\t\t\t<div class=\"elementor-element elementor-element-1b0d6bc e-flex e-con-boxed e-con e-parent\" data-id=\"1b0d6bc\" data-element_type=\"container\" data-e-type=\"container\" data-settings=\"{&quot;background_background&quot;:&quot;classic&quot;}\">\n\t\t\t\t\t<div class=\"e-con-inner\">\n\t\t<div class=\"elementor-element elementor-element-4f9c65c e-con-full elementor-hidden-mobile e-flex e-con e-child\" data-id=\"4f9c65c\" data-element_type=\"container\" data-e-type=\"container\">\n\t\t\t\t<div class=\"elementor-element elementor-element-8a9f09b elementor-widget__width-auto bild-container elementor-widget elementor-widget-image\" data-id=\"8a9f09b\" data-element_type=\"widget\" data-e-type=\"widget\" data-widget_type=\"image.default\">\n\t\t\t\t<div class=\"elementor-widget-container\">\n\t\t\t\t\t\t\t\t\t\t\t\t\t\t\t<img fetchpriority=\"high\" decoding=\"async\" width=\"800\" height=\"533\" src=\"https:\/\/thermion.se\/wp-content\/uploads\/2023\/12\/Mongstad_212-compressed-scaled-1.webp\" class=\"attachment-large size-large wp-image-4758\" alt=\"Mongstad 212 compressed scaled (1)\" \/>\t\t\t\t\t\t\t\t\t\t\t\t\t\t\t<\/div>\n\t\t\t\t<\/div>\n\t\t\t\t<\/div>\n\t\t<div class=\"elementor-element elementor-element-f840707 e-flex e-con-boxed e-con e-child\" data-id=\"f840707\" data-element_type=\"container\" data-e-type=\"container\">\n\t\t\t\t\t<div class=\"e-con-inner\">\n\t\t\t\t<div class=\"elementor-element elementor-element-7c97b81 elementor-widget elementor-widget-theme-post-title elementor-page-title elementor-widget-heading\" data-id=\"7c97b81\" data-element_type=\"widget\" data-e-type=\"widget\" data-widget_type=\"theme-post-title.default\">\n\t\t\t\t<div class=\"elementor-widget-container\">\n\t\t\t\t\t<h1 class=\"elementor-heading-title elementor-size-default\">Isoleringspl\u00e5tslagare \/ tekniker i Halmstad<\/h1>\t\t\t\t<\/div>\n\t\t\t\t<\/div>\n\t\t\t\t<div class=\"elementor-element elementor-element-471e7f8 elementor-widget__width-initial elementor-widget-tablet__width-inherit elementor-widget-mobile__width-inherit elementor-widget elementor-widget-text-editor\" data-id=\"471e7f8\" data-element_type=\"widget\" data-e-type=\"widget\" data-widget_type=\"text-editor.default\">\n\t\t\t\t<div class=\"elementor-widget-container\">\n\t\t\t\t\t\t\t\t\tVill du vara med och bidra till en b\u00e4ttre framtid genom att spara energi och vara en del av den gr\u00f6na omst\u00e4llningen?\t\t\t\t\t\t\t\t<\/div>\n\t\t\t\t<\/div>\n\t\t\t\t<div class=\"elementor-element elementor-element-ae9f4b2 elementor-widget__width-initial elementor-widget-tablet__width-inherit elementor-widget-mobile_extra__width-inherit elementor-widget-mobile__width-inherit elementor-hidden-desktop elementor-hidden-tablet elementor-hidden-mobile_extra elementor-hidden-mobile elementor-widget elementor-widget-text-editor\" data-id=\"ae9f4b2\" data-element_type=\"widget\" data-e-type=\"widget\" data-widget_type=\"text-editor.default\">\n\t\t\t\t<div class=\"elementor-widget-container\">\n\t\t\t\t\t\t\t\t\t<p>Som isoleringspl\u00e5tslagare arbetar du kontinuerligt med energieffektivisering genom montage av isolering p\u00e5 olika objekt inom kraft och processindustrin.<br \/>\nUppdragen utf\u00f6rs vanligen ute hos kund b\u00e5de projektbaserat men \u00e4ven i form av l\u00f6pande underh\u00e5llsarbeten, du hanterar dagligen planering, utf\u00f6rande och resultat av ditt arbete tillsammans med din projektledare.<br \/>\nDet praktiska arbetet \u00e4r montage av isolering, m\u00e5ttagning och tillverkning av pl\u00e5tdetaljer till ytbekl\u00e4dnad, montage av ytbekl\u00e4dnad mm. arbetsmilj\u00f6 och s\u00e4kerhet skall alltid ha h\u00f6gsta prioritet i allt arbete.<\/p>\n<p>Thermion erbjuder ett varierande och utmanande arbete p\u00e5 en arbetsplats med god sammanh\u00e5llning. Du kommer att f\u00e5 m\u00f6jligheten att arbeta med omv\u00e4xlande och varierande uppdrag d\u00e4r ingen dag \u00e4r den andra lik. Dina arbetsuppgifter kommer att vara b\u00e5de inom service och p\u00e5 entreprenader du m\u00e5ste d\u00e4rf\u00f6r kunna arbeta sj\u00e4lvst\u00e4ndigt och i ett arbetslag. Vi s\u00f6ker dig med yrkesstolthet, och tidigare yrkeserfarenhet eller yrkesbevis inom industri isolering, B-k\u00f6rkort \u00e4r ett krav, goda spr\u00e5kkunskaper i svenska, engelska och g\u00e4rna i ytterligare spr\u00e5k \u00e4r n\u00f6dv\u00e4ndigt d\u00e5 vi arbetar i en internationell milj\u00f6.<\/p>\n\t\t\t\t\t\t\t\t<\/div>\n\t\t\t\t<\/div>\n\t\t\t\t<div class=\"elementor-element elementor-element-d7e8dc7 button elementor-align-left elementor-widget elementor-widget-button\" data-id=\"d7e8dc7\" data-element_type=\"widget\" data-e-type=\"widget\" data-widget_type=\"button.default\">\n\t\t\t\t<div class=\"elementor-widget-container\">\n\t\t\t\t\t\t\t\t\t<div class=\"elementor-button-wrapper\">\n\t\t\t\t\t<a class=\"elementor-button elementor-button-link elementor-size-sm elementor-animation-grow\" href=\"https:\/\/thermion.se\/en\/karriar\/lediga-jobb\/isoleringsplatslagare-tekniker-i-halmstad\/\">\n\t\t\t\t\t\t<span class=\"elementor-button-content-wrapper\">\n\t\t\t\t\t\t\t\t\t<span class=\"elementor-button-text\">L\u00e4s mer<\/span>\n\t\t\t\t\t<\/span>\n\t\t\t\t\t<\/a>\n\t\t\t\t<\/div>\n\t\t\t\t\t\t\t\t<\/div>\n\t\t\t\t<\/div>\n\t\t\t\t\t<\/div>\n\t\t\t\t<\/div>\n\t\t\t\t\t<\/div>\n\t\t\t\t<\/div>\n\t\t\t\t<\/div>\n\t\t\t\t<div data-elementor-type=\"loop-item\" data-elementor-id=\"3323\" class=\"elementor elementor-3323 e-loop-item e-loop-item-4103 post-4103 jobb type-jobb status-publish has-post-thumbnail hentry\" data-elementor-post-type=\"elementor_library\" data-custom-edit-handle=\"1\">\n\t\t\t<div class=\"elementor-element elementor-element-1b0d6bc e-flex e-con-boxed e-con e-parent\" data-id=\"1b0d6bc\" data-element_type=\"container\" data-e-type=\"container\" data-settings=\"{&quot;background_background&quot;:&quot;classic&quot;}\">\n\t\t\t\t\t<div class=\"e-con-inner\">\n\t\t<div class=\"elementor-element elementor-element-4f9c65c e-con-full elementor-hidden-mobile e-flex e-con e-child\" data-id=\"4f9c65c\" data-element_type=\"container\" data-e-type=\"container\">\n\t\t\t\t<div class=\"elementor-element elementor-element-8a9f09b elementor-widget__width-auto bild-container elementor-widget elementor-widget-image\" data-id=\"8a9f09b\" data-element_type=\"widget\" data-e-type=\"widget\" data-widget_type=\"image.default\">\n\t\t\t\t<div class=\"elementor-widget-container\">\n\t\t\t\t\t\t\t\t\t\t\t\t\t\t\t<img decoding=\"async\" width=\"800\" height=\"450\" src=\"https:\/\/thermion.se\/wp-content\/uploads\/2024\/01\/Namnlos-design-39.webp\" class=\"attachment-large size-large wp-image-4127\" alt=\"Namnl\u00f6s design\" \/>\t\t\t\t\t\t\t\t\t\t\t\t\t\t\t<\/div>\n\t\t\t\t<\/div>\n\t\t\t\t<\/div>\n\t\t<div class=\"elementor-element elementor-element-f840707 e-flex e-con-boxed e-con e-child\" data-id=\"f840707\" data-element_type=\"container\" data-e-type=\"container\">\n\t\t\t\t\t<div class=\"e-con-inner\">\n\t\t\t\t<div class=\"elementor-element elementor-element-7c97b81 elementor-widget elementor-widget-theme-post-title elementor-page-title elementor-widget-heading\" data-id=\"7c97b81\" data-element_type=\"widget\" data-e-type=\"widget\" data-widget_type=\"theme-post-title.default\">\n\t\t\t\t<div class=\"elementor-widget-container\">\n\t\t\t\t\t<h1 class=\"elementor-heading-title elementor-size-default\">Spontanans\u00f6kan<\/h1>\t\t\t\t<\/div>\n\t\t\t\t<\/div>\n\t\t\t\t<div class=\"elementor-element elementor-element-471e7f8 elementor-widget__width-initial elementor-widget-tablet__width-inherit elementor-widget-mobile__width-inherit elementor-widget elementor-widget-text-editor\" data-id=\"471e7f8\" data-element_type=\"widget\" data-e-type=\"widget\" data-widget_type=\"text-editor.default\">\n\t\t\t\t<div class=\"elementor-widget-container\">\n\t\t\t\t\t\t\t\t\tTa chansen och skicka din spontanans\u00f6kan nu f\u00f6r att p\u00e5b\u00f6rja en inspirerande karri\u00e4rv\u00e4g tillsammans med oss.\t\t\t\t\t\t\t\t<\/div>\n\t\t\t\t<\/div>\n\t\t\t\t<div class=\"elementor-element elementor-element-ae9f4b2 elementor-widget__width-initial elementor-widget-tablet__width-inherit elementor-widget-mobile_extra__width-inherit elementor-widget-mobile__width-inherit elementor-hidden-desktop elementor-hidden-tablet elementor-hidden-mobile_extra elementor-hidden-mobile elementor-widget elementor-widget-text-editor\" data-id=\"ae9f4b2\" data-element_type=\"widget\" data-e-type=\"widget\" data-widget_type=\"text-editor.default\">\n\t\t\t\t<div class=\"elementor-widget-container\">\n\t\t\t\t\t\t\t\t\t<p>Vill du vara med och bidra till en b\u00e4ttre framtid genom att spara energi och vara en del av den gr\u00f6na omst\u00e4llningen ?<br \/>\nInom isoleringsbranschen arbetar vi kontinuerligt med energieffektivisering genom montage av isolering inom bygg och industri.<br \/>\nArbetet utf\u00f6rs vanligen ute hos v\u00e5ra kunder i hela landet b\u00e5de som l\u00f6pande underh\u00e5llsarbeten men \u00e4ven i form av projektbaserade uppdrag.<\/p>\n<p>Uppt\u00e4ck en arbetsplats d\u00e4r varje dag erbjuder nya utmaningar och sammanh\u00e5llningen \u00e4r stark. Hos oss f\u00e5r du arbeta p\u00e5 varierande projekt, fr\u00e5n service till entreprenad, vilket kr\u00e4ver b\u00e5de sj\u00e4lvst\u00e4ndighet och teamwork. Vi letar efter dig som tar yrket p\u00e5 allvar, har relevant erfarenhet eller yrkesbevis. B-k\u00f6rkort \u00e4r ett m\u00e5ste, liksom goda kunskaper i svenska och engelska. F\u00f6r den r\u00e4tta kandidaten finns chansen att bli f\u00f6retagsl\u00e4rling, d\u00e4r du kombinerar yrkesutbildning med praktiskt arbete under tre \u00e5r.<\/p>\n<p>Det finns alltid en plats f\u00f6r r\u00e4tt personer i v\u00e5r organisation, s\u00e5v\u00e4l chefer och projektledare som mont\u00f6rer och l\u00e4rlingar.<br \/>\nV\u00e4lkommen att skicka in en spontanans\u00f6kan!<\/p>\n\t\t\t\t\t\t\t\t<\/div>\n\t\t\t\t<\/div>\n\t\t\t\t<div class=\"elementor-element elementor-element-d7e8dc7 button elementor-align-left elementor-widget elementor-widget-button\" data-id=\"d7e8dc7\" data-element_type=\"widget\" data-e-type=\"widget\" data-widget_type=\"button.default\">\n\t\t\t\t<div class=\"elementor-widget-container\">\n\t\t\t\t\t\t\t\t\t<div class=\"elementor-button-wrapper\">\n\t\t\t\t\t<a class=\"elementor-button elementor-button-link elementor-size-sm elementor-animation-grow\" href=\"https:\/\/thermion.se\/en\/karriar\/lediga-jobb\/spontanansokan\/\">\n\t\t\t\t\t\t<span class=\"elementor-button-content-wrapper\">\n\t\t\t\t\t\t\t\t\t<span class=\"elementor-button-text\">L\u00e4s mer<\/span>\n\t\t\t\t\t<\/span>\n\t\t\t\t\t<\/a>\n\t\t\t\t<\/div>\n\t\t\t\t\t\t\t\t<\/div>\n\t\t\t\t<\/div>\n\t\t\t\t\t<\/div>\n\t\t\t\t<\/div>\n\t\t\t\t\t<\/div>\n\t\t\t\t<\/div>\n\t\t\t\t<\/div>\n\t\t\t\t<\/div>\n\t\t\n\t\t\t\t\t\t<\/div>\n\t\t\t\t<\/div>\n\t\t\t\t\t<\/div>\n\t\t\t\t<\/div>\n\t\t\t\t<\/div>\n\t\t","protected":false},"excerpt":{"rendered":"<p>Spontaneous application or look at what we have available right now Thermion is in exciting development and is now looking for technically skilled project managers to run projects in technical insulation. You will shape your own development by influencing which assignments you want to work on.  Become an apprentice<\/p>","protected":false},"author":1,"featured_media":0,"parent":257,"menu_order":0,"comment_status":"closed","ping_status":"closed","template":"","meta":{"_acf_changed":false,"content-type":"","slim_seo":{"facebook_image":"https:\/\/thermion.se\/wp-content\/uploads\/2023\/12\/Mongstad_212-compressed-scaled-1.webp","title":"Spontaneous application - Thermion","description":""},"footnotes":""},"class_list":["post-1749","page","type-page","status-publish","hentry"],"acf":[],"_links":{"self":[{"href":"https:\/\/thermion.se\/en\/wp-json\/wp\/v2\/pages\/1749","targetHints":{"allow":["GET"]}}],"collection":[{"href":"https:\/\/thermion.se\/en\/wp-json\/wp\/v2\/pages"}],"about":[{"href":"https:\/\/thermion.se\/en\/wp-json\/wp\/v2\/types\/page"}],"author":[{"embeddable":true,"href":"https:\/\/thermion.se\/en\/wp-json\/wp\/v2\/users\/1"}],"replies":[{"embeddable":true,"href":"https:\/\/thermion.se\/en\/wp-json\/wp\/v2\/comments?post=1749"}],"version-history":[{"count":0,"href":"https:\/\/thermion.se\/en\/wp-json\/wp\/v2\/pages\/1749\/revisions"}],"up":[{"embeddable":true,"href":"https:\/\/thermion.se\/en\/wp-json\/wp\/v2\/pages\/257"}],"wp:attachment":[{"href":"https:\/\/thermion.se\/en\/wp-json\/wp\/v2\/media?parent=1749"}],"curies":[{"name":"wp","href":"https:\/\/api.w.org\/{rel}","templated":true}]}}