{"id":1716,"date":"2023-12-18T08:41:04","date_gmt":"2023-12-18T07:41:04","guid":{"rendered":"https:\/\/thermion.cilla.enson.se\/?page_id=1716"},"modified":"2024-01-14T13:12:10","modified_gmt":"2024-01-14T12:12:10","slug":"hallbarhet","status":"publish","type":"page","link":"https:\/\/thermion.se\/en\/om-thermion\/hallbarhet\/","title":{"rendered":"Sustainability"},"content":{"rendered":"<div data-elementor-type=\"wp-page\" data-elementor-id=\"1716\" class=\"elementor elementor-1716\" data-elementor-post-type=\"page\">\n\t\t\t\t<div class=\"elementor-element elementor-element-26a293e e-flex e-con-boxed e-con e-parent\" data-id=\"26a293e\" data-element_type=\"container\" data-e-type=\"container\">\n\t\t\t\t\t<div class=\"e-con-inner\">\n\t\t\t\t<div class=\"elementor-element elementor-element-4ba48ef elementor-widget elementor-widget-heading\" data-id=\"4ba48ef\" data-element_type=\"widget\" data-e-type=\"widget\" data-widget_type=\"heading.default\">\n\t\t\t\t<div class=\"elementor-widget-container\">\n\t\t\t\t\t<h2 class=\"elementor-heading-title elementor-size-default\">Sustainability<\/h2>\t\t\t\t<\/div>\n\t\t\t\t<\/div>\n\t\t\t\t<div class=\"elementor-element elementor-element-360306e elementor-widget elementor-widget-text-editor\" data-id=\"360306e\" data-element_type=\"widget\" data-e-type=\"widget\" data-widget_type=\"text-editor.default\">\n\t\t\t\t<div class=\"elementor-widget-container\">\n\t\t\t\t\t\t\t\t\t<p><span data-sheets-root=\"1\" data-sheets-value=\"{&quot;1&quot;:2,&quot;2&quot;:&quot;Thermion str\u00e4var st\u00e4ndigt efter att vara en f\u00f6reg\u00e5ngare inom energieffektivisering, med en tydlig inriktning p\u00e5 att erbjuda l\u00f6sningar som inte bara gynnar v\u00e5ra kunder ekonomiskt utan \u00e4ven har positiv inverkan p\u00e5 milj\u00f6n. Genom v\u00e5ra tj\u00e4nster minimerar vi energif\u00f6rluster och skapar samtidigt m\u00f6jligheter f\u00f6r betydande besparingar.\\n\\nVi spelar en nyckelroll i att att optimera energif\u00f6rbrukningen i bygg- och industrisektorn och \u00e4ven i att minska \u00f6vergripande milj\u00f6p\u00e5verkan. V\u00e5ra \u00e5tg\u00e4rder inneb\u00e4r inte bara en mer h\u00e5llbar framtid, utan resulterar ocks\u00e5 i betydande kostnadsbesparingar f\u00f6r v\u00e5ra kunder. Thermions engagemang f\u00f6r energieffektivisering str\u00e4cker sig bortom ekonomiska f\u00f6rdelar och \u00e4r en investering i en gr\u00f6nare v\u00e4rld.&quot;}\" data-sheets-userformat=\"{&quot;2&quot;:769,&quot;3&quot;:{&quot;1&quot;:0},&quot;11&quot;:4,&quot;12&quot;:0}\">Thermion constantly strives to be a pioneer in energy efficiency, with a clear focus on providing solutions that not only benefit our customers financially but also have a positive impact on the environment. Through our services, we minimise energy losses while creating opportunities for significant savings.<\/span><\/p><h5>Our responsibility<\/h5><p>We play a key role in optimising energy consumption in the construction and industrial sector and also in reducing overall environmental impact. Our actions not only mean a more sustainable future, but also result in significant cost savings for our customers. Thermion's commitment to energy efficiency goes beyond economic benefits and is an investment in a greener world.<\/p><h5>We help you go green<\/h5><p>With the help of technical insulation and energy efficiency, major environmental benefits can be generated. Contact us to find out more about what we can do for your organisation.<\/p>\t\t\t\t\t\t\t\t<\/div>\n\t\t\t\t<\/div>\n\t\t<div class=\"elementor-element elementor-element-24858a5 e-flex e-con-boxed e-con e-child\" data-id=\"24858a5\" data-element_type=\"container\" data-e-type=\"container\">\n\t\t\t\t\t<div class=\"e-con-inner\">\n\t\t\t\t<div class=\"elementor-element elementor-element-80a3398 bild-container elementor-widget elementor-widget-image\" data-id=\"80a3398\" data-element_type=\"widget\" data-e-type=\"widget\" data-widget_type=\"image.default\">\n\t\t\t\t<div class=\"elementor-widget-container\">\n\t\t\t\t\t\t\t\t\t\t\t\t\t\t\t<img fetchpriority=\"high\" decoding=\"async\" width=\"800\" height=\"455\" src=\"https:\/\/thermion.se\/wp-content\/uploads\/2023\/12\/Back.webp\" class=\"attachment-large size-large wp-image-437\" alt=\"H\u00e5llbarhet\" \/>\t\t\t\t\t\t\t\t\t\t\t\t\t\t\t<\/div>\n\t\t\t\t<\/div>\n\t\t\t\t<div class=\"elementor-element elementor-element-4f5e620 bild-container elementor-widget elementor-widget-image\" data-id=\"4f5e620\" data-element_type=\"widget\" data-e-type=\"widget\" data-widget_type=\"image.default\">\n\t\t\t\t<div class=\"elementor-widget-container\">\n\t\t\t\t\t\t\t\t\t\t\t\t\t\t\t<img decoding=\"async\" width=\"800\" height=\"450\" src=\"https:\/\/thermion.se\/wp-content\/uploads\/2023\/12\/Vatten.webp\" class=\"attachment-large size-large wp-image-439\" alt=\"Vatten\" \/>\t\t\t\t\t\t\t\t\t\t\t\t\t\t\t<\/div>\n\t\t\t\t<\/div>\n\t\t\t\t<div class=\"elementor-element elementor-element-4a82d53 bild-container elementor-widget elementor-widget-image\" data-id=\"4a82d53\" data-element_type=\"widget\" data-e-type=\"widget\" data-widget_type=\"image.default\">\n\t\t\t\t<div class=\"elementor-widget-container\">\n\t\t\t\t\t\t\t\t\t\t\t\t\t\t\t<img decoding=\"async\" width=\"800\" height=\"450\" src=\"https:\/\/thermion.se\/wp-content\/uploads\/2023\/12\/Blatt-vatten.webp\" class=\"attachment-large size-large wp-image-440\" alt=\"Bl\u00e5tt vatten\" \/>\t\t\t\t\t\t\t\t\t\t\t\t\t\t\t<\/div>\n\t\t\t\t<\/div>\n\t\t\t\t\t<\/div>\n\t\t\t\t<\/div>\n\t\t\t\t<div class=\"elementor-element elementor-element-5bb742e button elementor-align-left elementor-widget elementor-widget-button\" data-id=\"5bb742e\" data-element_type=\"widget\" data-e-type=\"widget\" data-widget_type=\"button.default\">\n\t\t\t\t<div class=\"elementor-widget-container\">\n\t\t\t\t\t\t\t\t\t<div class=\"elementor-button-wrapper\">\n\t\t\t\t\t<a class=\"elementor-button elementor-button-link elementor-size-sm elementor-animation-grow\" href=\"https:\/\/thermion.se\/en\/kontakta-oss\/\">\n\t\t\t\t\t\t<span class=\"elementor-button-content-wrapper\">\n\t\t\t\t\t\t\t\t\t<span class=\"elementor-button-text\">Contact us <\/span>\n\t\t\t\t\t<\/span>\n\t\t\t\t\t<\/a>\n\t\t\t\t<\/div>\n\t\t\t\t\t\t\t\t<\/div>\n\t\t\t\t<\/div>\n\t\t\t\t\t<\/div>\n\t\t\t\t<\/div>\n\t\t\t\t<\/div>","protected":false},"excerpt":{"rendered":"<p>H\u00e5llbarhet Thermion str\u00e4var st\u00e4ndigt efter att vara en f\u00f6reg\u00e5ngare inom energieffektivisering, med en tydlig inriktning p\u00e5 att erbjuda l\u00f6sningar som inte bara gynnar v\u00e5ra kunder ekonomiskt utan \u00e4ven har positiv inverkan p\u00e5 milj\u00f6n. Genom v\u00e5ra tj\u00e4nster minimerar vi energif\u00f6rluster och skapar samtidigt m\u00f6jligheter f\u00f6r betydande besparingar. V\u00e5rt ansvar Vi spelar en nyckelroll i att att [&hellip;]<\/p>\n","protected":false},"author":1,"featured_media":0,"parent":255,"menu_order":0,"comment_status":"closed","ping_status":"closed","template":"","meta":{"_acf_changed":false,"content-type":"","slim_seo":{"description":"Sustainability, future, and cost savings for our customers. Thermion's commitment to energy efficiency!","title":"Sustainability - Thermion"},"footnotes":""},"class_list":["post-1716","page","type-page","status-publish","hentry"],"acf":[],"_links":{"self":[{"href":"https:\/\/thermion.se\/en\/wp-json\/wp\/v2\/pages\/1716","targetHints":{"allow":["GET"]}}],"collection":[{"href":"https:\/\/thermion.se\/en\/wp-json\/wp\/v2\/pages"}],"about":[{"href":"https:\/\/thermion.se\/en\/wp-json\/wp\/v2\/types\/page"}],"author":[{"embeddable":true,"href":"https:\/\/thermion.se\/en\/wp-json\/wp\/v2\/users\/1"}],"replies":[{"embeddable":true,"href":"https:\/\/thermion.se\/en\/wp-json\/wp\/v2\/comments?post=1716"}],"version-history":[{"count":0,"href":"https:\/\/thermion.se\/en\/wp-json\/wp\/v2\/pages\/1716\/revisions"}],"up":[{"embeddable":true,"href":"https:\/\/thermion.se\/en\/wp-json\/wp\/v2\/pages\/255"}],"wp:attachment":[{"href":"https:\/\/thermion.se\/en\/wp-json\/wp\/v2\/media?parent=1716"}],"curies":[{"name":"wp","href":"https:\/\/api.w.org\/{rel}","templated":true}]}}